{"id":35,"date":"2023-09-06T13:18:42","date_gmt":"2023-09-06T11:18:42","guid":{"rendered":"http:\/\/minascent.com.w01e4b33.kasserver.com\/?page_id=35"},"modified":"2025-07-21T14:20:01","modified_gmt":"2025-07-21T12:20:01","slug":"faq","status":"publish","type":"page","link":"https:\/\/www.minascent.com\/de\/faq\/","title":{"rendered":"Antworten auf h\u00e4ufige Fragen"},"content":{"rendered":"<div class=\"accordion-block\">\n\n    <div class=\"accordions-wrapper alignwide as-margin-bottom-50\">\n\n        \n            <div class=\"accordion\">\n                <input type=\"radio\" name='faq' id=\"checkbox-accordion-0\"\n                       onclick=\"handleEKACFAccordionClick(this)\">\n                <label for=\"checkbox-accordion-0\"\n                       class=\"tab__label\">Wo finde ich freie Stellen bei Minascent? <\/label>\n                <div class=\"tab__content\">\n                    <p>Klicken Sie sich in unserer\u00a0<a title=\"Stellenb\u00f6rse MinAscent\" href=\"https:\/\/jobapplication.hrworks.de\/de?companyId=ah106810\" target=\"_blank\" rel=\"noopener\">Stellenb\u00f6rse<\/a>\u00a0durch die Stellenangebote von Minascent. Alle dort ausgeschriebenen Stellen sind zu besetzen.<\/p>\n                <\/div>\n            <\/div>\n\n        \n            <div class=\"accordion\">\n                <input type=\"radio\" name='faq' id=\"checkbox-accordion-1\"\n                       onclick=\"handleEKACFAccordionClick(this)\">\n                <label for=\"checkbox-accordion-1\"\n                       class=\"tab__label\">Wie bewerbe ich mich?<\/label>\n                <div class=\"tab__content\">\n                    <p>Am Ende jeder Stellenausschreibung f\u00fchrt Sie ein Button \u201eBewerben\u201c zu unserem Formular. Dort geben Sie Ihre relevanten pers\u00f6nlichen Daten ein und laden Ihre Dokumente hoch. Das dauert etwa 5-10 Minuten, mehr nicht.<\/p>\n                <\/div>\n            <\/div>\n\n        \n            <div class=\"accordion\">\n                <input type=\"radio\" name='faq' id=\"checkbox-accordion-2\"\n                       onclick=\"handleEKACFAccordionClick(this)\">\n                <label for=\"checkbox-accordion-2\"\n                       class=\"tab__label\">Welche Dokumente sind f\u00fcr meine Bewerbung sinnvoll und notwendig?<\/label>\n                <div class=\"tab__content\">\n                    <section class=\"ce_accordionSingle ce_accordion ce_text block\">\n<div id=\"ui-id-6\" class=\"accordion ui-accordion-content ui-corner-bottom ui-helper-reset ui-widget-content ui-accordion-content-active\" role=\"tabpanel\" aria-labelledby=\"ui-id-5\" aria-hidden=\"false\">\n<div>\n<p>Damit wir uns ein gutes Bild von Ihrer Qualifikation machen k\u00f6nnen, stellen Sie uns am besten folgende Unterlagen zur Verf\u00fcgung:<\/p>\n<ul>\n<li>Lebenslauf<\/li>\n<li>relevante Zeugnisse: Abschlusszeugnis, Arbeitszeugnis, Praktikumszeugnis<\/li>\n<\/ul>\n<p>Ein Bewerbungsanschreiben ist nicht verpflichtend, hilft uns aber bei der Beurteilung ihrer Qualifikation f\u00fcr die relevante Stelle.<\/p>\n<\/div>\n<\/div>\n<\/section>\n                <\/div>\n            <\/div>\n\n        \n            <div class=\"accordion\">\n                <input type=\"radio\" name='faq' id=\"checkbox-accordion-3\"\n                       onclick=\"handleEKACFAccordionClick(this)\">\n                <label for=\"checkbox-accordion-3\"\n                       class=\"tab__label\">Kann ich mich auf mehrere Stellen gleichzeitig bewerben?<\/label>\n                <div class=\"tab__content\">\n                    <p>Sie k\u00f6nnen sich mehrmals bei uns bewerben \u2013 auch auf Stellen aus verschiedenen Bereichen. Nach einer Absage k\u00f6nnen Sie sich gerne erneut auf eine alternative Stelle bewerben.<\/p>\n                <\/div>\n            <\/div>\n\n        \n            <div class=\"accordion\">\n                <input type=\"radio\" name='faq' id=\"checkbox-accordion-4\"\n                       onclick=\"handleEKACFAccordionClick(this)\">\n                <label for=\"checkbox-accordion-4\"\n                       class=\"tab__label\">Wie lange dauert der Bewerbungsprozess?<\/label>\n                <div class=\"tab__content\">\n                    <p>Es kann einige Zeit dauern, bis wir Ihre Bewerbung genau angeschaut haben. In der Regel bekommen Sie innerhalb weniger Wochen eine R\u00fcckmeldung, wie es weiter geht.<\/p>\n                <\/div>\n            <\/div>\n\n        \n            <div class=\"accordion\">\n                <input type=\"radio\" name='faq' id=\"checkbox-accordion-5\"\n                       onclick=\"handleEKACFAccordionClick(this)\">\n                <label for=\"checkbox-accordion-5\"\n                       class=\"tab__label\">Welche Ausbildungsm\u00f6glichkeiten gibt es bei Minascent?<\/label>\n                <div class=\"tab__content\">\n                    <p>J\u00e4hrlich gibt es bei uns mehrere Ausbildungspl\u00e4tze als Chemikant (m\/w\/d). Nach erfolgreicher Ausbildung besteht in der Regel die M\u00f6glichkeit zur \u00dcbernahme und Weiterbesch\u00e4ftigung in unserem Unternehmen. Je nach Bedarf bieten wir au\u00dferdem Ausbildungen als\u00a0<strong>Chemielaborant:in (m\/w\/d)<\/strong>,\u00a0<strong>Elektriker:in (m\/w\/d)<\/strong>,\u00a0<strong>Mechatroniker:in (m\/w\/d)<\/strong>,\u00a0<strong>Industriemechaniker:in (m\/w\/d)<\/strong>\u00a0oder im\u00a0<strong>kaufm\u00e4nnischen Bereich<\/strong>\u00a0an. Schauen Sie dazu einfach in der Stellenb\u00f6rse nach den ausgeschriebenen Ausbildungen.<\/p>\n                <\/div>\n            <\/div>\n\n        \n            <div class=\"accordion\">\n                <input type=\"radio\" name='faq' id=\"checkbox-accordion-6\"\n                       onclick=\"handleEKACFAccordionClick(this)\">\n                <label for=\"checkbox-accordion-6\"\n                       class=\"tab__label\">In welchen Bereichen kann ich bei Minascent ein Praktikum machen, eine Abschlussarbeit schreiben oder als Werkstudent:in arbeiten?<\/label>\n                <div class=\"tab__content\">\n                    <p>Praktika, Werkstudierendent\u00e4tigkeiten oder Abschlussarbeiten k\u00f6nnen Sie grunds\u00e4tzlich in fast allen Arbeitsbereichen bei uns machen. Schicken Sie gern Ihre Initiativbewerbung mit aussagekr\u00e4ftigen Unterlagen \u00fcber das Bewerbungsformular zu. Wir schauen uns an, wo wir Sie einsetzen k\u00f6nnen.<\/p>\n                <\/div>\n            <\/div>\n\n            <\/div>\n<\/div>\n\n\n<h3 class=\"wp-block-heading\">Sie haben noch Fragen?<\/h3>\n\n\n\n<p>Ihre Ansprechpartnerin:<\/p>\n\n\n\n<p><strong>Lisa Roos<\/strong><br>Personalleiterin<br>T: 03461 43 4255<br>E-Mail:&nbsp;<a href=\"mailto:recruiting@minascent.com\">recruiting@minascent.com<\/a><\/p>\n","protected":false},"excerpt":{"rendered":"<p>Sie haben noch Fragen? Ihre Ansprechpartnerin: Lisa RoosPersonalleiterinT: 03461 43 4255E-Mail:&nbsp;recruiting@minascent.com<\/p>\n","protected":false},"author":7,"featured_media":563,"parent":0,"menu_order":0,"comment_status":"closed","ping_status":"closed","template":"","meta":{"_acf_changed":false,"footnotes":""},"class_list":["post-35","page","type-page","status-publish","has-post-thumbnail","hentry"],"acf":[],"yoast_head":"<!-- This site is optimized with the Yoast SEO plugin v27.2 - https:\/\/yoast.com\/product\/yoast-seo-wordpress\/ -->\n<title>FAQs - Wir beantworten Ihre Fragen | MINASCENT<\/title>\n<meta name=\"description\" content=\"Sie haben Fragen zu unseren Job- &amp; Ausbildungsangeboten oder dem Bewerbungsprozess? Erfahren Sie alles in den FAQs!\" \/>\n<meta name=\"robots\" content=\"index, follow, max-snippet:-1, max-image-preview:large, max-video-preview:-1\" \/>\n<link rel=\"canonical\" href=\"https:\/\/www.minascent.com\/de\/faq\/\" \/>\n<meta property=\"og:locale\" content=\"de_DE\" \/>\n<meta property=\"og:type\" content=\"article\" \/>\n<meta property=\"og:title\" content=\"FAQs - Wir beantworten Ihre Fragen | MINASCENT\" \/>\n<meta property=\"og:description\" content=\"Sie haben Fragen zu unseren Job- &amp; Ausbildungsangeboten oder dem Bewerbungsprozess? Erfahren Sie alles in den FAQs!\" \/>\n<meta property=\"og:url\" content=\"https:\/\/www.minascent.com\/de\/faq\/\" \/>\n<meta property=\"og:site_name\" content=\"MINASCENT\" \/>\n<meta property=\"article:modified_time\" content=\"2025-07-21T12:20:01+00:00\" \/>\n<meta property=\"og:image\" content=\"https:\/\/www.minascent.com\/wp-content\/uploads\/091023_minascent-hero-image_faq.jpg\" \/>\n\t<meta property=\"og:image:width\" content=\"1920\" \/>\n\t<meta property=\"og:image:height\" content=\"1200\" \/>\n\t<meta property=\"og:image:type\" content=\"image\/jpeg\" \/>\n<meta name=\"twitter:card\" content=\"summary_large_image\" \/>\n<meta name=\"twitter:label1\" content=\"Gesch\u00e4tzte Lesezeit\" \/>\n\t<meta name=\"twitter:data1\" content=\"1\u00a0Minute\" \/>\n<script type=\"application\/ld+json\" class=\"yoast-schema-graph\">{\"@context\":\"https:\/\/schema.org\",\"@graph\":[{\"@type\":\"WebPage\",\"@id\":\"https:\/\/www.minascent.com\/de\/faq\/\",\"url\":\"https:\/\/www.minascent.com\/de\/faq\/\",\"name\":\"FAQs - Wir beantworten Ihre Fragen | MINASCENT\",\"isPartOf\":{\"@id\":\"https:\/\/www.minascent.com\/de\/#website\"},\"primaryImageOfPage\":{\"@id\":\"https:\/\/www.minascent.com\/de\/faq\/#primaryimage\"},\"image\":{\"@id\":\"https:\/\/www.minascent.com\/de\/faq\/#primaryimage\"},\"thumbnailUrl\":\"https:\/\/www.minascent.com\/wp-content\/uploads\/091023_minascent-hero-image_faq.jpg\",\"datePublished\":\"2023-09-06T11:18:42+00:00\",\"dateModified\":\"2025-07-21T12:20:01+00:00\",\"description\":\"Sie haben Fragen zu unseren Job- & Ausbildungsangeboten oder dem Bewerbungsprozess? Erfahren Sie alles in den FAQs!\",\"breadcrumb\":{\"@id\":\"https:\/\/www.minascent.com\/de\/faq\/#breadcrumb\"},\"inLanguage\":\"de\",\"potentialAction\":[{\"@type\":\"ReadAction\",\"target\":[\"https:\/\/www.minascent.com\/de\/faq\/\"]}]},{\"@type\":\"ImageObject\",\"inLanguage\":\"de\",\"@id\":\"https:\/\/www.minascent.com\/de\/faq\/#primaryimage\",\"url\":\"https:\/\/www.minascent.com\/wp-content\/uploads\/091023_minascent-hero-image_faq.jpg\",\"contentUrl\":\"https:\/\/www.minascent.com\/wp-content\/uploads\/091023_minascent-hero-image_faq.jpg\",\"width\":1920,\"height\":1200,\"caption\":\"Mitarbeiter bei der Entwicklung von Spezialchemie\"},{\"@type\":\"BreadcrumbList\",\"@id\":\"https:\/\/www.minascent.com\/de\/faq\/#breadcrumb\",\"itemListElement\":[{\"@type\":\"ListItem\",\"position\":1,\"name\":\"Startseite\",\"item\":\"https:\/\/www.minascent.com\/de\/ihr-partner-fuer-anspruchsvolle-organische-chemie\/\"},{\"@type\":\"ListItem\",\"position\":2,\"name\":\"Antworten auf h\u00e4ufige Fragen\"}]},{\"@type\":\"WebSite\",\"@id\":\"https:\/\/www.minascent.com\/de\/#website\",\"url\":\"https:\/\/www.minascent.com\/de\/\",\"name\":\"MINASCENT\",\"description\":\"Ihr Partner f\u00fcr Spezialchemie\",\"publisher\":{\"@id\":\"https:\/\/www.minascent.com\/de\/#organization\"},\"potentialAction\":[{\"@type\":\"SearchAction\",\"target\":{\"@type\":\"EntryPoint\",\"urlTemplate\":\"https:\/\/www.minascent.com\/de\/?s={search_term_string}\"},\"query-input\":{\"@type\":\"PropertyValueSpecification\",\"valueRequired\":true,\"valueName\":\"search_term_string\"}}],\"inLanguage\":\"de\"},{\"@type\":\"Organization\",\"@id\":\"https:\/\/www.minascent.com\/de\/#organization\",\"name\":\"Minascent Technologies GmbH\",\"alternateName\":\"MINASCENT\",\"url\":\"https:\/\/www.minascent.com\/de\/\",\"logo\":{\"@type\":\"ImageObject\",\"inLanguage\":\"de\",\"@id\":\"https:\/\/www.minascent.com\/de\/#\/schema\/logo\/image\/\",\"url\":\"https:\/\/www.minascent.com\/wp-content\/uploads\/minascent-logo.svg\",\"contentUrl\":\"https:\/\/www.minascent.com\/wp-content\/uploads\/minascent-logo.svg\",\"width\":1,\"height\":1,\"caption\":\"Minascent Technologies GmbH\"},\"image\":{\"@id\":\"https:\/\/www.minascent.com\/de\/#\/schema\/logo\/image\/\"}}]}<\/script>\n<!-- \/ Yoast SEO plugin. -->","yoast_head_json":{"title":"FAQs - Wir beantworten Ihre Fragen | MINASCENT","description":"Sie haben Fragen zu unseren Job- & Ausbildungsangeboten oder dem Bewerbungsprozess? Erfahren Sie alles in den FAQs!","robots":{"index":"index","follow":"follow","max-snippet":"max-snippet:-1","max-image-preview":"max-image-preview:large","max-video-preview":"max-video-preview:-1"},"canonical":"https:\/\/www.minascent.com\/de\/faq\/","og_locale":"de_DE","og_type":"article","og_title":"FAQs - Wir beantworten Ihre Fragen | MINASCENT","og_description":"Sie haben Fragen zu unseren Job- & Ausbildungsangeboten oder dem Bewerbungsprozess? Erfahren Sie alles in den FAQs!","og_url":"https:\/\/www.minascent.com\/de\/faq\/","og_site_name":"MINASCENT","article_modified_time":"2025-07-21T12:20:01+00:00","og_image":[{"width":1920,"height":1200,"url":"https:\/\/www.minascent.com\/wp-content\/uploads\/091023_minascent-hero-image_faq.jpg","type":"image\/jpeg"}],"twitter_card":"summary_large_image","twitter_misc":{"Gesch\u00e4tzte Lesezeit":"1\u00a0Minute"},"schema":{"@context":"https:\/\/schema.org","@graph":[{"@type":"WebPage","@id":"https:\/\/www.minascent.com\/de\/faq\/","url":"https:\/\/www.minascent.com\/de\/faq\/","name":"FAQs - Wir beantworten Ihre Fragen | MINASCENT","isPartOf":{"@id":"https:\/\/www.minascent.com\/de\/#website"},"primaryImageOfPage":{"@id":"https:\/\/www.minascent.com\/de\/faq\/#primaryimage"},"image":{"@id":"https:\/\/www.minascent.com\/de\/faq\/#primaryimage"},"thumbnailUrl":"https:\/\/www.minascent.com\/wp-content\/uploads\/091023_minascent-hero-image_faq.jpg","datePublished":"2023-09-06T11:18:42+00:00","dateModified":"2025-07-21T12:20:01+00:00","description":"Sie haben Fragen zu unseren Job- & Ausbildungsangeboten oder dem Bewerbungsprozess? Erfahren Sie alles in den FAQs!","breadcrumb":{"@id":"https:\/\/www.minascent.com\/de\/faq\/#breadcrumb"},"inLanguage":"de","potentialAction":[{"@type":"ReadAction","target":["https:\/\/www.minascent.com\/de\/faq\/"]}]},{"@type":"ImageObject","inLanguage":"de","@id":"https:\/\/www.minascent.com\/de\/faq\/#primaryimage","url":"https:\/\/www.minascent.com\/wp-content\/uploads\/091023_minascent-hero-image_faq.jpg","contentUrl":"https:\/\/www.minascent.com\/wp-content\/uploads\/091023_minascent-hero-image_faq.jpg","width":1920,"height":1200,"caption":"Mitarbeiter bei der Entwicklung von Spezialchemie"},{"@type":"BreadcrumbList","@id":"https:\/\/www.minascent.com\/de\/faq\/#breadcrumb","itemListElement":[{"@type":"ListItem","position":1,"name":"Startseite","item":"https:\/\/www.minascent.com\/de\/ihr-partner-fuer-anspruchsvolle-organische-chemie\/"},{"@type":"ListItem","position":2,"name":"Antworten auf h\u00e4ufige Fragen"}]},{"@type":"WebSite","@id":"https:\/\/www.minascent.com\/de\/#website","url":"https:\/\/www.minascent.com\/de\/","name":"MINASCENT","description":"Ihr Partner f\u00fcr Spezialchemie","publisher":{"@id":"https:\/\/www.minascent.com\/de\/#organization"},"potentialAction":[{"@type":"SearchAction","target":{"@type":"EntryPoint","urlTemplate":"https:\/\/www.minascent.com\/de\/?s={search_term_string}"},"query-input":{"@type":"PropertyValueSpecification","valueRequired":true,"valueName":"search_term_string"}}],"inLanguage":"de"},{"@type":"Organization","@id":"https:\/\/www.minascent.com\/de\/#organization","name":"Minascent Technologies GmbH","alternateName":"MINASCENT","url":"https:\/\/www.minascent.com\/de\/","logo":{"@type":"ImageObject","inLanguage":"de","@id":"https:\/\/www.minascent.com\/de\/#\/schema\/logo\/image\/","url":"https:\/\/www.minascent.com\/wp-content\/uploads\/minascent-logo.svg","contentUrl":"https:\/\/www.minascent.com\/wp-content\/uploads\/minascent-logo.svg","width":1,"height":1,"caption":"Minascent Technologies GmbH"},"image":{"@id":"https:\/\/www.minascent.com\/de\/#\/schema\/logo\/image\/"}}]}},"_links":{"self":[{"href":"https:\/\/www.minascent.com\/de\/wp-json\/wp\/v2\/pages\/35","targetHints":{"allow":["GET"]}}],"collection":[{"href":"https:\/\/www.minascent.com\/de\/wp-json\/wp\/v2\/pages"}],"about":[{"href":"https:\/\/www.minascent.com\/de\/wp-json\/wp\/v2\/types\/page"}],"author":[{"embeddable":true,"href":"https:\/\/www.minascent.com\/de\/wp-json\/wp\/v2\/users\/7"}],"replies":[{"embeddable":true,"href":"https:\/\/www.minascent.com\/de\/wp-json\/wp\/v2\/comments?post=35"}],"version-history":[{"count":7,"href":"https:\/\/www.minascent.com\/de\/wp-json\/wp\/v2\/pages\/35\/revisions"}],"predecessor-version":[{"id":1877,"href":"https:\/\/www.minascent.com\/de\/wp-json\/wp\/v2\/pages\/35\/revisions\/1877"}],"wp:featuredmedia":[{"embeddable":true,"href":"https:\/\/www.minascent.com\/de\/wp-json\/wp\/v2\/media\/563"}],"wp:attachment":[{"href":"https:\/\/www.minascent.com\/de\/wp-json\/wp\/v2\/media?parent=35"}],"curies":[{"name":"wp","href":"https:\/\/api.w.org\/{rel}","templated":true}]}}