{"id":33,"date":"2023-09-06T13:18:32","date_gmt":"2023-09-06T11:18:32","guid":{"rendered":"http:\/\/minascent.com.w01e4b33.kasserver.com\/?page_id=33"},"modified":"2023-11-28T17:13:45","modified_gmt":"2023-11-28T16:13:45","slug":"minascent-als-arbeitgeber","status":"publish","type":"page","link":"https:\/\/www.minascent.com\/de\/minascent-als-arbeitgeber\/","title":{"rendered":"Bei uns stimmt die Chemie"},"content":{"rendered":"\n<h2 class=\"wp-block-heading\">Sind Sie unser fehlendes Atom?<\/h2>\n\n\n\n<p>Als erfolgreiches mittelst\u00e4ndisches Unternehmen und Teil eines international t\u00e4tigen Chemiekonzerns, legen wir Wert auf Exzellenz und kontinuierliche Verbesserung. In Leuna, einem der gr\u00f6\u00dften Chemieparks in Deutschland, suchen wir nach Talenten, die sich mit unserer Unternehmensmission identifizieren und bereit sind, ihr Bestes zu geben. Wir schaffen ein Umfeld, in dem Mitarbeitende ermutigt werden, neue Ideen einzubringen, Herausforderungen einzugehen und ihr volles Potenzial auszusch\u00f6pfen. Wir m\u00f6chten unseren Mitarbeitenden die Chance bieten, sich zu entfalten und ihre Karriere voranzutreiben.<\/p>\n\n\n\n<p>Wenn Sie motiviert sind, sich neuen Herausforderungen zu stellen und Ihr Wissen und Ihre F\u00e4higkeiten erweitern m\u00f6chten, dann sind Sie bei uns genau richtig. Wir freuen uns darauf, von Ihnen zu h\u00f6ren und gemeinsam mit Ihnen zu wachsen.<\/p>\n\n\n\n<p>Werden Sie Teil unseres Teams und arbeiten Sie in der Fein- und Spezialchemie schon heute an den L\u00f6sungen von morgen.<\/p>\n\n\n\n<h2 class=\"wp-block-heading\">Einstiegsm\u00f6glichkeiten bei Minascent<\/h2>\n\n\n\n<p><strong>Direkteinstieg<\/strong><br>Sind Sie auf der Suche nach neuen Herausforderungen? Ob mit Berufserfahrung oder gerade die Ausbildung oder das Studium beendet \u2013 wir wachsen und sind immer auf der Suche nach geeigneten Talenten, die uns in unserer Mission unterst\u00fctzen.<\/p>\n\n\n\n<p><strong>Ausbildung<\/strong><br>Schulabschluss erfolgreich in der Tasche? Jedes Jahr bieten wir verschiedene Ausbildungspl\u00e4tze f\u00fcr junge Talente an, die Lust auf den Berufsstart in einem erfolgreichen Unternehmen der chemischen Industrie haben.<\/p>\n\n\n\n<p><strong>Praktikum, Werkstudierendent\u00e4tigkeit, Abschlussarbeiten<\/strong><br>Die Theorie beherrschen Sie perfekt \u2013 und die Praxis? Wir bieten spannende und herausfordernde M\u00f6glichkeiten, Ihr theoretisch erlerntes Wissen im Unternehmensalltag anzuwenden und Praxisluft schnuppern zu k\u00f6nnen.<\/p>\n\n\n\n<div class=\"wp-block-group alignfull has-lightgrey-background-color has-background is-layout-constrained wp-block-group-is-layout-constrained\">\n<h3 class=\"wp-block-heading has-black-color has-text-color\">Kommen Sie in unser Team!<\/h3>\n\n\n\n<p class=\"has-black-color has-text-color\">Ob Festanstellung, Ausbildung oder Praktikum \u2013 hier finden Sie alle unsere Stellenangebote auf einen Blick.<\/p>\n\n\n\n<div class=\"wp-block-buttons is-layout-flex wp-block-buttons-is-layout-flex\">\n<div class=\"wp-block-button\"><a class=\"wp-block-button__link wp-element-button\" href=\"https:\/\/jobapplication.hrworks.de\/de?companyId=ah106810\" target=\"_blank\" rel=\"noreferrer noopener\">Zur Stellenb\u00f6rse<\/a><\/div>\n<\/div>\n<\/div>\n\n\n\n<div class=\"wp-block-group alignfull has-darkgrey-background-color has-background is-layout-constrained wp-block-group-is-layout-constrained\">\n<h3 class=\"wp-block-heading has-white-color has-text-color\">Keine passende Stelle gefunden? Bewerben Sie sich trotzdem!<\/h3>\n\n\n\n<p class=\"has-white-color has-text-color\">Wir sch\u00e4tzen Initiative und Engagement. Und vielleicht sind Sie unser fehlendes Atom f\u00fcr eine starke Verbindung? \u00dcberzeugen Sie uns deshalb gern mit Ihrer Initiativbewerbung.<\/p>\n\n\n\n<div class=\"wp-block-buttons is-layout-flex wp-block-buttons-is-layout-flex\">\n<div class=\"wp-block-button\"><a class=\"wp-block-button__link wp-element-button\" href=\"https:\/\/jobapplication.hrworks.de\/de?companyId=ah106810&amp;id=129699\" target=\"_blank\" rel=\"noreferrer noopener\">Initiativ bewerben<\/a><\/div>\n<\/div>\n<\/div>\n","protected":false},"excerpt":{"rendered":"<p>Sind Sie unser fehlendes Atom? Als erfolgreiches mittelst\u00e4ndisches Unternehmen und Teil eines international t\u00e4tigen Chemiekonzerns, legen wir Wert auf Exzellenz und kontinuierliche Verbesserung. In Leuna, einem der gr\u00f6\u00dften Chemieparks in Deutschland, suchen wir nach Talenten, die sich mit unserer Unternehmensmission identifizieren und bereit sind, ihr Bestes zu geben. Wir schaffen ein Umfeld, in dem Mitarbeitende [&hellip;]<\/p>\n","protected":false},"author":7,"featured_media":580,"parent":0,"menu_order":0,"comment_status":"closed","ping_status":"closed","template":"","meta":{"_acf_changed":false,"footnotes":""},"class_list":["post-33","page","type-page","status-publish","has-post-thumbnail","hentry"],"acf":[],"yoast_head":"<!-- This site is optimized with the Yoast SEO plugin v27.2 - https:\/\/yoast.com\/product\/yoast-seo-wordpress\/ -->\n<title>Karriere im Herzen des Chemieparks Leuna | MINASCENT<\/title>\n<meta name=\"description\" content=\"Ob als Laborant, Chemikant oder im Controlling - werden Sie Teil unseres Teams! \u2713 Alle Jobs &amp; Ausbildungspl\u00e4tze in unserer Stellenb\u00f6rse.\" \/>\n<meta name=\"robots\" content=\"index, follow, max-snippet:-1, max-image-preview:large, max-video-preview:-1\" \/>\n<link rel=\"canonical\" href=\"https:\/\/www.minascent.com\/de\/\" \/>\n<meta property=\"og:locale\" content=\"de_DE\" \/>\n<meta property=\"og:type\" content=\"article\" \/>\n<meta property=\"og:title\" content=\"Karriere im Herzen des Chemieparks Leuna | MINASCENT\" \/>\n<meta property=\"og:description\" content=\"Ob als Laborant, Chemikant oder im Controlling - werden Sie Teil unseres Teams! \u2713 Alle Jobs &amp; Ausbildungspl\u00e4tze in unserer Stellenb\u00f6rse.\" \/>\n<meta property=\"og:url\" content=\"https:\/\/www.minascent.com\/de\/\" \/>\n<meta property=\"og:site_name\" content=\"MINASCENT\" \/>\n<meta property=\"article:modified_time\" content=\"2023-11-28T16:13:45+00:00\" \/>\n<meta property=\"og:image\" content=\"https:\/\/www.minascent.com\/wp-content\/uploads\/091023_minascent-hero-image_career.jpg\" \/>\n\t<meta property=\"og:image:width\" content=\"1923\" \/>\n\t<meta property=\"og:image:height\" content=\"1200\" \/>\n\t<meta property=\"og:image:type\" content=\"image\/jpeg\" \/>\n<meta name=\"twitter:card\" content=\"summary_large_image\" \/>\n<meta name=\"twitter:label1\" content=\"Gesch\u00e4tzte Lesezeit\" \/>\n\t<meta name=\"twitter:data1\" content=\"2\u00a0Minuten\" \/>\n<script type=\"application\/ld+json\" class=\"yoast-schema-graph\">{\"@context\":\"https:\/\/schema.org\",\"@graph\":[{\"@type\":\"WebPage\",\"@id\":\"https:\/\/www.minascent.com\/de\/\",\"url\":\"https:\/\/www.minascent.com\/de\/\",\"name\":\"Karriere im Herzen des Chemieparks Leuna | MINASCENT\",\"isPartOf\":{\"@id\":\"https:\/\/www.minascent.com\/de\/#website\"},\"primaryImageOfPage\":{\"@id\":\"https:\/\/www.minascent.com\/de\/#primaryimage\"},\"image\":{\"@id\":\"https:\/\/www.minascent.com\/de\/#primaryimage\"},\"thumbnailUrl\":\"https:\/\/www.minascent.com\/wp-content\/uploads\/091023_minascent-hero-image_career.jpg\",\"datePublished\":\"2023-09-06T11:18:32+00:00\",\"dateModified\":\"2023-11-28T16:13:45+00:00\",\"description\":\"Ob als Laborant, Chemikant oder im Controlling - werden Sie Teil unseres Teams! \u2713 Alle Jobs & Ausbildungspl\u00e4tze in unserer Stellenb\u00f6rse.\",\"breadcrumb\":{\"@id\":\"https:\/\/www.minascent.com\/de\/#breadcrumb\"},\"inLanguage\":\"de\",\"potentialAction\":[{\"@type\":\"ReadAction\",\"target\":[\"https:\/\/www.minascent.com\/de\/\"]}]},{\"@type\":\"ImageObject\",\"inLanguage\":\"de\",\"@id\":\"https:\/\/www.minascent.com\/de\/#primaryimage\",\"url\":\"https:\/\/www.minascent.com\/wp-content\/uploads\/091023_minascent-hero-image_career.jpg\",\"contentUrl\":\"https:\/\/www.minascent.com\/wp-content\/uploads\/091023_minascent-hero-image_career.jpg\",\"width\":1923,\"height\":1200,\"caption\":\"Mitarbeiter bei einer Besprechung\"},{\"@type\":\"BreadcrumbList\",\"@id\":\"https:\/\/www.minascent.com\/de\/#breadcrumb\",\"itemListElement\":[{\"@type\":\"ListItem\",\"position\":1,\"name\":\"Startseite\",\"item\":\"https:\/\/www.minascent.com\/de\/ihr-partner-fuer-anspruchsvolle-organische-chemie\/\"},{\"@type\":\"ListItem\",\"position\":2,\"name\":\"Bei uns stimmt die Chemie\"}]},{\"@type\":\"WebSite\",\"@id\":\"https:\/\/www.minascent.com\/de\/#website\",\"url\":\"https:\/\/www.minascent.com\/de\/\",\"name\":\"MINASCENT\",\"description\":\"Ihr Partner f\u00fcr Spezialchemie\",\"publisher\":{\"@id\":\"https:\/\/www.minascent.com\/de\/#organization\"},\"potentialAction\":[{\"@type\":\"SearchAction\",\"target\":{\"@type\":\"EntryPoint\",\"urlTemplate\":\"https:\/\/www.minascent.com\/de\/?s={search_term_string}\"},\"query-input\":{\"@type\":\"PropertyValueSpecification\",\"valueRequired\":true,\"valueName\":\"search_term_string\"}}],\"inLanguage\":\"de\"},{\"@type\":\"Organization\",\"@id\":\"https:\/\/www.minascent.com\/de\/#organization\",\"name\":\"Minascent Technologies GmbH\",\"alternateName\":\"MINASCENT\",\"url\":\"https:\/\/www.minascent.com\/de\/\",\"logo\":{\"@type\":\"ImageObject\",\"inLanguage\":\"de\",\"@id\":\"https:\/\/www.minascent.com\/de\/#\/schema\/logo\/image\/\",\"url\":\"https:\/\/www.minascent.com\/wp-content\/uploads\/minascent-logo.svg\",\"contentUrl\":\"https:\/\/www.minascent.com\/wp-content\/uploads\/minascent-logo.svg\",\"width\":1,\"height\":1,\"caption\":\"Minascent Technologies GmbH\"},\"image\":{\"@id\":\"https:\/\/www.minascent.com\/de\/#\/schema\/logo\/image\/\"}}]}<\/script>\n<!-- \/ Yoast SEO plugin. -->","yoast_head_json":{"title":"Karriere im Herzen des Chemieparks Leuna | MINASCENT","description":"Ob als Laborant, Chemikant oder im Controlling - werden Sie Teil unseres Teams! \u2713 Alle Jobs & Ausbildungspl\u00e4tze in unserer Stellenb\u00f6rse.","robots":{"index":"index","follow":"follow","max-snippet":"max-snippet:-1","max-image-preview":"max-image-preview:large","max-video-preview":"max-video-preview:-1"},"canonical":"https:\/\/www.minascent.com\/de\/","og_locale":"de_DE","og_type":"article","og_title":"Karriere im Herzen des Chemieparks Leuna | MINASCENT","og_description":"Ob als Laborant, Chemikant oder im Controlling - werden Sie Teil unseres Teams! \u2713 Alle Jobs & Ausbildungspl\u00e4tze in unserer Stellenb\u00f6rse.","og_url":"https:\/\/www.minascent.com\/de\/","og_site_name":"MINASCENT","article_modified_time":"2023-11-28T16:13:45+00:00","og_image":[{"width":1923,"height":1200,"url":"https:\/\/www.minascent.com\/wp-content\/uploads\/091023_minascent-hero-image_career.jpg","type":"image\/jpeg"}],"twitter_card":"summary_large_image","twitter_misc":{"Gesch\u00e4tzte Lesezeit":"2\u00a0Minuten"},"schema":{"@context":"https:\/\/schema.org","@graph":[{"@type":"WebPage","@id":"https:\/\/www.minascent.com\/de\/","url":"https:\/\/www.minascent.com\/de\/","name":"Karriere im Herzen des Chemieparks Leuna | MINASCENT","isPartOf":{"@id":"https:\/\/www.minascent.com\/de\/#website"},"primaryImageOfPage":{"@id":"https:\/\/www.minascent.com\/de\/#primaryimage"},"image":{"@id":"https:\/\/www.minascent.com\/de\/#primaryimage"},"thumbnailUrl":"https:\/\/www.minascent.com\/wp-content\/uploads\/091023_minascent-hero-image_career.jpg","datePublished":"2023-09-06T11:18:32+00:00","dateModified":"2023-11-28T16:13:45+00:00","description":"Ob als Laborant, Chemikant oder im Controlling - werden Sie Teil unseres Teams! \u2713 Alle Jobs & Ausbildungspl\u00e4tze in unserer Stellenb\u00f6rse.","breadcrumb":{"@id":"https:\/\/www.minascent.com\/de\/#breadcrumb"},"inLanguage":"de","potentialAction":[{"@type":"ReadAction","target":["https:\/\/www.minascent.com\/de\/"]}]},{"@type":"ImageObject","inLanguage":"de","@id":"https:\/\/www.minascent.com\/de\/#primaryimage","url":"https:\/\/www.minascent.com\/wp-content\/uploads\/091023_minascent-hero-image_career.jpg","contentUrl":"https:\/\/www.minascent.com\/wp-content\/uploads\/091023_minascent-hero-image_career.jpg","width":1923,"height":1200,"caption":"Mitarbeiter bei einer Besprechung"},{"@type":"BreadcrumbList","@id":"https:\/\/www.minascent.com\/de\/#breadcrumb","itemListElement":[{"@type":"ListItem","position":1,"name":"Startseite","item":"https:\/\/www.minascent.com\/de\/ihr-partner-fuer-anspruchsvolle-organische-chemie\/"},{"@type":"ListItem","position":2,"name":"Bei uns stimmt die Chemie"}]},{"@type":"WebSite","@id":"https:\/\/www.minascent.com\/de\/#website","url":"https:\/\/www.minascent.com\/de\/","name":"MINASCENT","description":"Ihr Partner f\u00fcr Spezialchemie","publisher":{"@id":"https:\/\/www.minascent.com\/de\/#organization"},"potentialAction":[{"@type":"SearchAction","target":{"@type":"EntryPoint","urlTemplate":"https:\/\/www.minascent.com\/de\/?s={search_term_string}"},"query-input":{"@type":"PropertyValueSpecification","valueRequired":true,"valueName":"search_term_string"}}],"inLanguage":"de"},{"@type":"Organization","@id":"https:\/\/www.minascent.com\/de\/#organization","name":"Minascent Technologies GmbH","alternateName":"MINASCENT","url":"https:\/\/www.minascent.com\/de\/","logo":{"@type":"ImageObject","inLanguage":"de","@id":"https:\/\/www.minascent.com\/de\/#\/schema\/logo\/image\/","url":"https:\/\/www.minascent.com\/wp-content\/uploads\/minascent-logo.svg","contentUrl":"https:\/\/www.minascent.com\/wp-content\/uploads\/minascent-logo.svg","width":1,"height":1,"caption":"Minascent Technologies GmbH"},"image":{"@id":"https:\/\/www.minascent.com\/de\/#\/schema\/logo\/image\/"}}]}},"_links":{"self":[{"href":"https:\/\/www.minascent.com\/de\/wp-json\/wp\/v2\/pages\/33","targetHints":{"allow":["GET"]}}],"collection":[{"href":"https:\/\/www.minascent.com\/de\/wp-json\/wp\/v2\/pages"}],"about":[{"href":"https:\/\/www.minascent.com\/de\/wp-json\/wp\/v2\/types\/page"}],"author":[{"embeddable":true,"href":"https:\/\/www.minascent.com\/de\/wp-json\/wp\/v2\/users\/7"}],"replies":[{"embeddable":true,"href":"https:\/\/www.minascent.com\/de\/wp-json\/wp\/v2\/comments?post=33"}],"version-history":[{"count":6,"href":"https:\/\/www.minascent.com\/de\/wp-json\/wp\/v2\/pages\/33\/revisions"}],"predecessor-version":[{"id":844,"href":"https:\/\/www.minascent.com\/de\/wp-json\/wp\/v2\/pages\/33\/revisions\/844"}],"wp:featuredmedia":[{"embeddable":true,"href":"https:\/\/www.minascent.com\/de\/wp-json\/wp\/v2\/media\/580"}],"wp:attachment":[{"href":"https:\/\/www.minascent.com\/de\/wp-json\/wp\/v2\/media?parent=33"}],"curies":[{"name":"wp","href":"https:\/\/api.w.org\/{rel}","templated":true}]}}