{"id":25,"date":"2023-09-06T13:17:35","date_gmt":"2023-09-06T11:17:35","guid":{"rendered":"http:\/\/minascent.com.w01e4b33.kasserver.com\/?page_id=25"},"modified":"2023-12-18T17:17:45","modified_gmt":"2023-12-18T16:17:45","slug":"leistungen","status":"publish","type":"page","link":"https:\/\/www.minascent.com\/de\/leistungen\/","title":{"rendered":"Unsere Leistungen"},"content":{"rendered":"\n<div class=\"wp-block-columns is-layout-flex wp-container-core-columns-is-layout-9d6595d7 wp-block-columns-is-layout-flex\">\n<div class=\"wp-block-column is-layout-flow wp-block-column-is-layout-flow\"><div class=\"ge-grid-min-max as-gap as-margin-bottom-gap offer-block aligncenter\">\n    <div class=\"\">\n        <img decoding=\"async\" src=\"https:\/\/www.minascent.com\/wp-content\/uploads\/research-058a38fd-2.svg\"\n             alt=\"Symbol f\u00fcr Reagenzgl\u00e4ser\" style=\"width: 40rem\" \/>\n    <\/div>\n    <div class=\"\">\n        <h3>Forschung<\/h3>\n        <div><ul>\n<li>Entwicklung neuer Produkte<\/li>\n<li>Prozess- und Ertragsoptimierung<\/li>\n<\/ul>\n<\/div>\n    <\/div>\n<\/div>\n<\/div>\n\n\n\n<div class=\"wp-block-column is-layout-flow wp-block-column-is-layout-flow\"><div class=\"ge-grid-min-max as-gap as-margin-bottom-gap offer-block aligncenter\">\n    <div class=\"\">\n        <img decoding=\"async\" src=\"https:\/\/www.minascent.com\/wp-content\/uploads\/tiegel-564d7bb5-2.svg\"\n             alt=\"Symbol f\u00fcr Labor-Tiegel\" style=\"width: 40rem\" \/>\n    <\/div>\n    <div class=\"\">\n        <h3>Pilotierung<\/h3>\n        <div><ul>\n<li>Skalierung von Gramm auf Tonnen<\/li>\n<li>Edelstahl- und emaillierte Reaktoren zwischen 300 und 1.200 Liter<\/li>\n<li>Pilotdestillation<\/li>\n<li>Isolierung und Trocknung mit Hastelloy-Nutsche und Edelstahlfilter<\/li>\n<\/ul>\n<\/div>\n    <\/div>\n<\/div>\n<\/div>\n<\/div>\n\n\n\n<div class=\"wp-block-columns is-layout-flex wp-container-core-columns-is-layout-9d6595d7 wp-block-columns-is-layout-flex\">\n<div class=\"wp-block-column is-layout-flow wp-block-column-is-layout-flow\"><div class=\"ge-grid-min-max as-gap as-margin-bottom-gap offer-block aligncenter\">\n    <div class=\"\">\n        <img decoding=\"async\" src=\"https:\/\/www.minascent.com\/wp-content\/uploads\/tiegel-564d7bb5-2.svg\"\n             alt=\"Symbol f\u00fcr Labor-Tiegel\" style=\"width: 40rem\" \/>\n    <\/div>\n    <div class=\"\">\n        <h3>Produktion<\/h3>\n        <div><ul>\n<li>Produktionsanlage mit insgesamt rund 100m<sup>3<\/sup>\u00a0Reaktorkapazit\u00e4t<\/li>\n<li>9 Mehrzwecklinien mit Reaktorgr\u00f6\u00dfen zwischen 2.500 und 10.000 Litern<\/li>\n<li>Destillation im Produktionsma\u00dfstab<\/li>\n<\/ul>\n<\/div>\n    <\/div>\n<\/div>\n<\/div>\n\n\n\n<div class=\"wp-block-column is-layout-flow wp-block-column-is-layout-flow\"><div class=\"ge-grid-min-max as-gap as-margin-bottom-gap offer-block aligncenter\">\n    <div class=\"\">\n        <img decoding=\"async\" src=\"https:\/\/www.minascent.com\/wp-content\/uploads\/distillation-51a322c8-2.svg\"\n             alt=\"Symbol f\u00fcr Thermometer\" style=\"width: 40rem\" \/>\n    <\/div>\n    <div class=\"\">\n        <h3>Destillation und Filtration<\/h3>\n        <div><ul>\n<li>6 Destillationslinien, inklusive Kurzweg- und D\u00fcnnschichtdestillation und Fraktionierung<\/li>\n<li>Nutschfilter, Filtertrockner, St\u00fclpzentrifuge und 2 Hastelloy-Zentrifugen<\/li>\n<li>Schaufeltrockner, konischer Vakuumtrockner und Hordentrockner<\/li>\n<\/ul>\n<\/div>\n    <\/div>\n<\/div>\n<\/div>\n<\/div>\n\n\n\n<div class=\"wp-block-columns is-layout-flex wp-container-core-columns-is-layout-9d6595d7 wp-block-columns-is-layout-flex\">\n<div class=\"wp-block-column is-layout-flow wp-block-column-is-layout-flow\"><div class=\"ge-grid-min-max as-gap as-margin-bottom-gap offer-block aligncenter\">\n    <div class=\"\">\n        <img decoding=\"async\" src=\"https:\/\/www.minascent.com\/wp-content\/uploads\/microscope-affebdd0-2.svg\"\n             alt=\"Symbol f\u00fcr Mikroskop\" style=\"width: 40rem\" \/>\n    <\/div>\n    <div class=\"\">\n        <h3>Analysen<\/h3>\n        <div><ul>\n<li>Unsere analytischen Labore verf\u00fcgen \u00fcber modernste Ger\u00e4teausstattung wie: HPLC, GC, GC\/MS, UV-VIS, IR, Polarimeter, Viskosimeter und DSC<\/li>\n<li>Zusammenarbeit mit externen Laboren erweitern unser Analyseangebot: NMR, ICP, LC-MS,&#8230;<\/li>\n<\/ul>\n<\/div>\n    <\/div>\n<\/div>\n<\/div>\n\n\n\n<div class=\"wp-block-column is-layout-flow wp-block-column-is-layout-flow\"><\/div>\n<\/div>\n\n\n\n<div class=\"wp-block-group alignfull has-darkgrey-background-color has-background is-layout-constrained wp-block-group-is-layout-constrained\">\n<h2 class=\"wp-block-heading has-white-color has-text-color\">Sie haben <mark style=\"background-color:rgba(0, 0, 0, 0)\" class=\"has-inline-color has-brandcolor-color\">besondere W\u00fcnsche?<\/mark><\/h2>\n\n\n\n<p class=\"has-white-color has-text-color\">Wir sind Ihr Spezialchemie-Profi. Lassen Sie uns Ihre Frage pers\u00f6nlich im Detail besprechen. Wir freuen uns darauf, Ihnen eine ma\u00dfgeschneiderte L\u00f6sung zu liefern!<\/p>\n\n\n\n<div class=\"wp-block-buttons is-layout-flex wp-block-buttons-is-layout-flex\">\n<div class=\"wp-block-button\"><a class=\"wp-block-button__link wp-element-button\" href=\"https:\/\/www.minascent.com\/kontakt\/\">Jetzt Kontakt aufnehmen<\/a><\/div>\n<\/div>\n<\/div>\n","protected":false},"excerpt":{"rendered":"<p>Sie haben besondere W\u00fcnsche? Wir sind Ihr Spezialchemie-Profi. Lassen Sie uns Ihre Frage pers\u00f6nlich im Detail besprechen. Wir freuen uns darauf, Ihnen eine ma\u00dfgeschneiderte L\u00f6sung zu liefern!<\/p>\n","protected":false},"author":7,"featured_media":573,"parent":0,"menu_order":0,"comment_status":"closed","ping_status":"closed","template":"","meta":{"_acf_changed":false,"footnotes":""},"class_list":["post-25","page","type-page","status-publish","has-post-thumbnail","hentry"],"acf":[],"yoast_head":"<!-- This site is optimized with the Yoast SEO plugin v27.2 - https:\/\/yoast.com\/product\/yoast-seo-wordpress\/ -->\n<title>Unsere Leistungen | MINASCENT<\/title>\n<meta name=\"description\" content=\"Wir bieten f\u00fcr zahlreiche Branchen Standardprodukte &amp; individuelle Anfertigung von hochwertigen Feinchemikalien \u2713 Erfahren Sie mehr!\" \/>\n<meta name=\"robots\" content=\"index, follow, max-snippet:-1, max-image-preview:large, max-video-preview:-1\" \/>\n<link rel=\"canonical\" href=\"https:\/\/www.minascent.com\/de\/leistungen\/\" \/>\n<meta property=\"og:locale\" content=\"de_DE\" \/>\n<meta property=\"og:type\" content=\"article\" \/>\n<meta property=\"og:title\" content=\"Unsere Leistungen | MINASCENT\" \/>\n<meta property=\"og:description\" content=\"Wir bieten f\u00fcr zahlreiche Branchen Standardprodukte &amp; individuelle Anfertigung von hochwertigen Feinchemikalien \u2713 Erfahren Sie mehr!\" \/>\n<meta property=\"og:url\" content=\"https:\/\/www.minascent.com\/de\/leistungen\/\" \/>\n<meta property=\"og:site_name\" content=\"MINASCENT\" \/>\n<meta property=\"article:modified_time\" content=\"2023-12-18T16:17:45+00:00\" \/>\n<meta property=\"og:image\" content=\"https:\/\/www.minascent.com\/wp-content\/uploads\/091023_minascent-hero-image_news-events.jpg\" \/>\n\t<meta property=\"og:image:width\" content=\"1920\" \/>\n\t<meta property=\"og:image:height\" content=\"1200\" \/>\n\t<meta property=\"og:image:type\" content=\"image\/jpeg\" \/>\n<meta name=\"twitter:card\" content=\"summary_large_image\" \/>\n<meta name=\"twitter:label1\" content=\"Gesch\u00e4tzte Lesezeit\" \/>\n\t<meta name=\"twitter:data1\" content=\"1\u00a0Minute\" \/>\n<script type=\"application\/ld+json\" class=\"yoast-schema-graph\">{\"@context\":\"https:\/\/schema.org\",\"@graph\":[{\"@type\":\"WebPage\",\"@id\":\"https:\/\/www.minascent.com\/de\/leistungen\/\",\"url\":\"https:\/\/www.minascent.com\/de\/leistungen\/\",\"name\":\"Unsere Leistungen | MINASCENT\",\"isPartOf\":{\"@id\":\"https:\/\/www.minascent.com\/de\/#website\"},\"primaryImageOfPage\":{\"@id\":\"https:\/\/www.minascent.com\/de\/leistungen\/#primaryimage\"},\"image\":{\"@id\":\"https:\/\/www.minascent.com\/de\/leistungen\/#primaryimage\"},\"thumbnailUrl\":\"https:\/\/www.minascent.com\/wp-content\/uploads\/091023_minascent-hero-image_news-events.jpg\",\"datePublished\":\"2023-09-06T11:17:35+00:00\",\"dateModified\":\"2023-12-18T16:17:45+00:00\",\"description\":\"Wir bieten f\u00fcr zahlreiche Branchen Standardprodukte & individuelle Anfertigung von hochwertigen Feinchemikalien \u2713 Erfahren Sie mehr!\",\"breadcrumb\":{\"@id\":\"https:\/\/www.minascent.com\/de\/leistungen\/#breadcrumb\"},\"inLanguage\":\"de\",\"potentialAction\":[{\"@type\":\"ReadAction\",\"target\":[\"https:\/\/www.minascent.com\/de\/leistungen\/\"]}]},{\"@type\":\"ImageObject\",\"inLanguage\":\"de\",\"@id\":\"https:\/\/www.minascent.com\/de\/leistungen\/#primaryimage\",\"url\":\"https:\/\/www.minascent.com\/wp-content\/uploads\/091023_minascent-hero-image_news-events.jpg\",\"contentUrl\":\"https:\/\/www.minascent.com\/wp-content\/uploads\/091023_minascent-hero-image_news-events.jpg\",\"width\":1920,\"height\":1200,\"caption\":\"Laborantin bei der Herstellung von Feinchemikalien\"},{\"@type\":\"BreadcrumbList\",\"@id\":\"https:\/\/www.minascent.com\/de\/leistungen\/#breadcrumb\",\"itemListElement\":[{\"@type\":\"ListItem\",\"position\":1,\"name\":\"Startseite\",\"item\":\"https:\/\/www.minascent.com\/de\/ihr-partner-fuer-anspruchsvolle-organische-chemie\/\"},{\"@type\":\"ListItem\",\"position\":2,\"name\":\"Unsere Leistungen\"}]},{\"@type\":\"WebSite\",\"@id\":\"https:\/\/www.minascent.com\/de\/#website\",\"url\":\"https:\/\/www.minascent.com\/de\/\",\"name\":\"MINASCENT\",\"description\":\"Ihr Partner f\u00fcr Spezialchemie\",\"publisher\":{\"@id\":\"https:\/\/www.minascent.com\/de\/#organization\"},\"potentialAction\":[{\"@type\":\"SearchAction\",\"target\":{\"@type\":\"EntryPoint\",\"urlTemplate\":\"https:\/\/www.minascent.com\/de\/?s={search_term_string}\"},\"query-input\":{\"@type\":\"PropertyValueSpecification\",\"valueRequired\":true,\"valueName\":\"search_term_string\"}}],\"inLanguage\":\"de\"},{\"@type\":\"Organization\",\"@id\":\"https:\/\/www.minascent.com\/de\/#organization\",\"name\":\"Minascent Technologies GmbH\",\"alternateName\":\"MINASCENT\",\"url\":\"https:\/\/www.minascent.com\/de\/\",\"logo\":{\"@type\":\"ImageObject\",\"inLanguage\":\"de\",\"@id\":\"https:\/\/www.minascent.com\/de\/#\/schema\/logo\/image\/\",\"url\":\"https:\/\/www.minascent.com\/wp-content\/uploads\/minascent-logo.svg\",\"contentUrl\":\"https:\/\/www.minascent.com\/wp-content\/uploads\/minascent-logo.svg\",\"width\":1,\"height\":1,\"caption\":\"Minascent Technologies GmbH\"},\"image\":{\"@id\":\"https:\/\/www.minascent.com\/de\/#\/schema\/logo\/image\/\"}}]}<\/script>\n<!-- \/ Yoast SEO plugin. -->","yoast_head_json":{"title":"Unsere Leistungen | MINASCENT","description":"Wir bieten f\u00fcr zahlreiche Branchen Standardprodukte & individuelle Anfertigung von hochwertigen Feinchemikalien \u2713 Erfahren Sie mehr!","robots":{"index":"index","follow":"follow","max-snippet":"max-snippet:-1","max-image-preview":"max-image-preview:large","max-video-preview":"max-video-preview:-1"},"canonical":"https:\/\/www.minascent.com\/de\/leistungen\/","og_locale":"de_DE","og_type":"article","og_title":"Unsere Leistungen | MINASCENT","og_description":"Wir bieten f\u00fcr zahlreiche Branchen Standardprodukte & individuelle Anfertigung von hochwertigen Feinchemikalien \u2713 Erfahren Sie mehr!","og_url":"https:\/\/www.minascent.com\/de\/leistungen\/","og_site_name":"MINASCENT","article_modified_time":"2023-12-18T16:17:45+00:00","og_image":[{"width":1920,"height":1200,"url":"https:\/\/www.minascent.com\/wp-content\/uploads\/091023_minascent-hero-image_news-events.jpg","type":"image\/jpeg"}],"twitter_card":"summary_large_image","twitter_misc":{"Gesch\u00e4tzte Lesezeit":"1\u00a0Minute"},"schema":{"@context":"https:\/\/schema.org","@graph":[{"@type":"WebPage","@id":"https:\/\/www.minascent.com\/de\/leistungen\/","url":"https:\/\/www.minascent.com\/de\/leistungen\/","name":"Unsere Leistungen | MINASCENT","isPartOf":{"@id":"https:\/\/www.minascent.com\/de\/#website"},"primaryImageOfPage":{"@id":"https:\/\/www.minascent.com\/de\/leistungen\/#primaryimage"},"image":{"@id":"https:\/\/www.minascent.com\/de\/leistungen\/#primaryimage"},"thumbnailUrl":"https:\/\/www.minascent.com\/wp-content\/uploads\/091023_minascent-hero-image_news-events.jpg","datePublished":"2023-09-06T11:17:35+00:00","dateModified":"2023-12-18T16:17:45+00:00","description":"Wir bieten f\u00fcr zahlreiche Branchen Standardprodukte & individuelle Anfertigung von hochwertigen Feinchemikalien \u2713 Erfahren Sie mehr!","breadcrumb":{"@id":"https:\/\/www.minascent.com\/de\/leistungen\/#breadcrumb"},"inLanguage":"de","potentialAction":[{"@type":"ReadAction","target":["https:\/\/www.minascent.com\/de\/leistungen\/"]}]},{"@type":"ImageObject","inLanguage":"de","@id":"https:\/\/www.minascent.com\/de\/leistungen\/#primaryimage","url":"https:\/\/www.minascent.com\/wp-content\/uploads\/091023_minascent-hero-image_news-events.jpg","contentUrl":"https:\/\/www.minascent.com\/wp-content\/uploads\/091023_minascent-hero-image_news-events.jpg","width":1920,"height":1200,"caption":"Laborantin bei der Herstellung von Feinchemikalien"},{"@type":"BreadcrumbList","@id":"https:\/\/www.minascent.com\/de\/leistungen\/#breadcrumb","itemListElement":[{"@type":"ListItem","position":1,"name":"Startseite","item":"https:\/\/www.minascent.com\/de\/ihr-partner-fuer-anspruchsvolle-organische-chemie\/"},{"@type":"ListItem","position":2,"name":"Unsere Leistungen"}]},{"@type":"WebSite","@id":"https:\/\/www.minascent.com\/de\/#website","url":"https:\/\/www.minascent.com\/de\/","name":"MINASCENT","description":"Ihr Partner f\u00fcr Spezialchemie","publisher":{"@id":"https:\/\/www.minascent.com\/de\/#organization"},"potentialAction":[{"@type":"SearchAction","target":{"@type":"EntryPoint","urlTemplate":"https:\/\/www.minascent.com\/de\/?s={search_term_string}"},"query-input":{"@type":"PropertyValueSpecification","valueRequired":true,"valueName":"search_term_string"}}],"inLanguage":"de"},{"@type":"Organization","@id":"https:\/\/www.minascent.com\/de\/#organization","name":"Minascent Technologies GmbH","alternateName":"MINASCENT","url":"https:\/\/www.minascent.com\/de\/","logo":{"@type":"ImageObject","inLanguage":"de","@id":"https:\/\/www.minascent.com\/de\/#\/schema\/logo\/image\/","url":"https:\/\/www.minascent.com\/wp-content\/uploads\/minascent-logo.svg","contentUrl":"https:\/\/www.minascent.com\/wp-content\/uploads\/minascent-logo.svg","width":1,"height":1,"caption":"Minascent Technologies GmbH"},"image":{"@id":"https:\/\/www.minascent.com\/de\/#\/schema\/logo\/image\/"}}]}},"_links":{"self":[{"href":"https:\/\/www.minascent.com\/de\/wp-json\/wp\/v2\/pages\/25","targetHints":{"allow":["GET"]}}],"collection":[{"href":"https:\/\/www.minascent.com\/de\/wp-json\/wp\/v2\/pages"}],"about":[{"href":"https:\/\/www.minascent.com\/de\/wp-json\/wp\/v2\/types\/page"}],"author":[{"embeddable":true,"href":"https:\/\/www.minascent.com\/de\/wp-json\/wp\/v2\/users\/7"}],"replies":[{"embeddable":true,"href":"https:\/\/www.minascent.com\/de\/wp-json\/wp\/v2\/comments?post=25"}],"version-history":[{"count":11,"href":"https:\/\/www.minascent.com\/de\/wp-json\/wp\/v2\/pages\/25\/revisions"}],"predecessor-version":[{"id":1138,"href":"https:\/\/www.minascent.com\/de\/wp-json\/wp\/v2\/pages\/25\/revisions\/1138"}],"wp:featuredmedia":[{"embeddable":true,"href":"https:\/\/www.minascent.com\/de\/wp-json\/wp\/v2\/media\/573"}],"wp:attachment":[{"href":"https:\/\/www.minascent.com\/de\/wp-json\/wp\/v2\/media?parent=25"}],"curies":[{"name":"wp","href":"https:\/\/api.w.org\/{rel}","templated":true}]}}