{"id":23,"date":"2023-09-06T13:17:29","date_gmt":"2023-09-06T11:17:29","guid":{"rendered":"http:\/\/minascent.com.w01e4b33.kasserver.com\/?page_id=23"},"modified":"2025-06-25T09:34:55","modified_gmt":"2025-06-25T07:34:55","slug":"produkte","status":"publish","type":"page","link":"https:\/\/www.minascent.com\/de\/produkte\/","title":{"rendered":"Unsere Produkte"},"content":{"rendered":"\n<div class=\"wp-block-columns is-layout-flex wp-container-core-columns-is-layout-9d6595d7 wp-block-columns-is-layout-flex\">\n<div class=\"wp-block-column is-layout-flow wp-block-column-is-layout-flow\"><div class=\"ge-grid-min-max as-gap as-margin-bottom-gap offer-block aligncenter\">\n    <div class=\"\">\n        <img decoding=\"async\" src=\"https:\/\/www.minascent.com\/wp-content\/uploads\/tiegel-564d7bb5-2.svg\"\n             alt=\"Symbol f\u00fcr Labor-Tiegel\" style=\"width: 40rem\" \/>\n    <\/div>\n    <div class=\"\">\n        <h3>Di-Boc<\/h3>\n        <div><p>Die DIBOC-Produkte von Minascent, einschlie\u00dflich DIBOC selbst und einer breiten Palette von Derivaten, sind f\u00fcr ihre au\u00dfergew\u00f6hnliche Qualit\u00e4t und Kompatibilit\u00e4t mit einer breiten Palette von Bausteinen bekannt. Dies macht sie zur bevorzugten Wahl f\u00fcr komplexe biochemische<br \/>\nund pharmazeutische Anwendungen, bei denen<br \/>\nPr\u00e4zision und Zuverl\u00e4ssigkeit von gr\u00f6\u00dfter Bedeutung sind.<\/p>\n<p>Durch die Einhaltung hoher Standards stellen wir sicher, dass unser Portfolio die vielf\u00e4ltigen Anforderungen der anspruchsvollsten Branchen erf\u00fcllt.<\/p>\n<\/div>\n    <\/div>\n<\/div>\n<\/div>\n\n\n\n<div class=\"wp-block-column is-layout-flow wp-block-column-is-layout-flow\"><div class=\"ge-grid-min-max as-gap as-margin-bottom-gap offer-block aligncenter\">\n    <div class=\"\">\n        <img decoding=\"async\" src=\"https:\/\/www.minascent.com\/wp-content\/uploads\/tiegel-564d7bb5-2.svg\"\n             alt=\"Symbol f\u00fcr Labor-Tiegel\" style=\"width: 40rem\" \/>\n    <\/div>\n    <div class=\"\">\n        <h3>Hydrazine<\/h3>\n        <div><p data-start=\"78\" data-end=\"232\">Unsere Hydrazin-Produktlinie umfasst verschiedene Derivate, die sorgf\u00e4ltig entwickelt wurden, um ein breites Spektrum industrieller, pharmazeutischer und wissenschaftlicher Anwendungen abzudecken.<\/p>\n<p data-start=\"78\" data-end=\"232\"><br data-start=\"259\" data-end=\"262\" \/>Unser Portfolio ist darauf ausgerichtet, die spezifischen Anforderungen unserer Kunden zu erf\u00fcllen \u2013 mit h\u00f6chster Effizienz, Zuverl\u00e4ssigkeit und Sicherheit, selbst bei den komplexesten chemischen Reaktionen und Prozessen.<\/p>\n<\/div>\n    <\/div>\n<\/div>\n<\/div>\n<\/div>\n\n\n\n<div class=\"wp-block-columns is-layout-flex wp-container-core-columns-is-layout-9d6595d7 wp-block-columns-is-layout-flex\">\n<div class=\"wp-block-column is-layout-flow wp-block-column-is-layout-flow\"><div class=\"ge-grid-min-max as-gap as-margin-bottom-gap offer-block aligncenter\">\n    <div class=\"\">\n        <img decoding=\"async\" src=\"https:\/\/www.minascent.com\/wp-content\/uploads\/tiegel-564d7bb5-2.svg\"\n             alt=\"Symbol f\u00fcr Labor-Tiegel\" style=\"width: 40rem\" \/>\n    <\/div>\n    <div class=\"\">\n        <h3>S\u00e4urechloride<\/h3>\n        <div><p data-start=\"63\" data-end=\"676\">Minascent bietet ein vielf\u00e4ltiges Sortiment an S\u00e4urederivaten, die als essentielle Bausteine in der Synthese von Feinchemikalien, Pharmawirkstoffen, Agrochemikalien und Polymeren dienen.<\/p>\n<p data-start=\"63\" data-end=\"676\"><br data-start=\"255\" data-end=\"258\" \/>Mit einem klaren Fokus auf hohe Reinheit, Selektivit\u00e4t und Vielseitigkeit sind unsere Produkte darauf ausgelegt, ein breites Spektrum chemischer Prozesse zu unterst\u00fctzen \u2013 von innovativer Forschung und Entwicklung im Laborma\u00dfstab bis hin zur robusten Gro\u00dfproduktion.<\/p>\n<p data-start=\"63\" data-end=\"676\"><br data-start=\"524\" data-end=\"527\" \/>Mit diesen Derivaten bedienen wir die wachsenden Anforderungen von Industrien, die Pr\u00e4zision und Skalierbarkeit in ihren Herstellprozessen ben\u00f6tigen.<\/p>\n<\/div>\n    <\/div>\n<\/div>\n<\/div>\n\n\n\n<div class=\"wp-block-column is-layout-flow wp-block-column-is-layout-flow\"><div class=\"ge-grid-min-max as-gap as-margin-bottom-gap offer-block aligncenter\">\n    <div class=\"\">\n        <img decoding=\"async\" src=\"https:\/\/www.minascent.com\/wp-content\/uploads\/tiegel-564d7bb5-2.svg\"\n             alt=\"Symbol f\u00fcr Labor-Tiegel\" style=\"width: 40rem\" \/>\n    <\/div>\n    <div class=\"\">\n        <h3>Schwefelchemie<\/h3>\n        <div><p data-start=\"78\" data-end=\"232\">Die fortschrittlichen Schwefelreagenzien von Minascent bieten herausragende Leistung und gew\u00e4hrleisten Effizienz sowie Pr\u00e4zision bei komplexen Reaktionen.<\/p>\n<p data-start=\"234\" data-end=\"643\">Dank ihrer innovationsf\u00f6rdernden und prozesserweiternden Eigenschaften tragen unsere Schwefelreagenzien zu Fortschritten in zahlreichen Branchen bei \u2013 von der Pharmaindustrie bis hin zu Hightech-Materialien. Diese leistungsstarken Chemikalien sind darauf ausgelegt, selbst h\u00f6chsten Anforderungen gerecht zu werden und Innovation sowie Effizienz in verschiedensten Industriezweigen voranzutreiben.<\/p>\n<\/div>\n    <\/div>\n<\/div>\n<\/div>\n<\/div>\n\n\n\n<div class=\"wp-block-columns is-layout-flex wp-container-core-columns-is-layout-9d6595d7 wp-block-columns-is-layout-flex\">\n<div class=\"wp-block-column is-layout-flow wp-block-column-is-layout-flow\"><div class=\"ge-grid-min-max as-gap as-margin-bottom-gap offer-block aligncenter\">\n    <div class=\"\">\n        <img decoding=\"async\" src=\"https:\/\/www.minascent.com\/wp-content\/uploads\/tiegel-564d7bb5-2.svg\"\n             alt=\"Symbol f\u00fcr Labor-Tiegel\" style=\"width: 40rem\" \/>\n    <\/div>\n    <div class=\"\">\n        <h3>Selenchemie<\/h3>\n        <div><p>Minascent verf\u00fcgt \u00fcber umfassende Erfahrung im Einsatz von elementarem Selen (fest), organometallischen Selensalzen wie MeSeLi sowie Selen(IV)-oxid als Oxidationsmittel.<\/p>\n<\/div>\n    <\/div>\n<\/div>\n<\/div>\n\n\n\n<div class=\"wp-block-column is-layout-flow wp-block-column-is-layout-flow\"><div class=\"ge-grid-min-max as-gap as-margin-bottom-gap offer-block aligncenter\">\n    <div class=\"\">\n        <img decoding=\"async\" src=\"https:\/\/www.minascent.com\/wp-content\/uploads\/tiegel-564d7bb5-2.svg\"\n             alt=\"Symbol f\u00fcr Labor-Tiegel\" style=\"width: 40rem\" \/>\n    <\/div>\n    <div class=\"\">\n        <h3>Weitere Spezialchemikalien<\/h3>\n        <div><p>Das Portfolio der Fein- und Spezialreagenzien konzentriert sich auf fortschrittliche aromatische Verbindungen und bietet vielseitige L\u00f6sungen f\u00fcr ein breites Anwendungsspektrum.<\/p>\n<p><br data-start=\"259\" data-end=\"262\" \/>Von Hochleistungsmaterialien \u00fcber Pharmazeutika und Kosmetika bis hin zu Spezialchemikalien umfasst unser Sortiment Phenole, aromatische Heterocyclen und spezialisierte Vernetzer.<\/p>\n<p><br data-start=\"441\" data-end=\"444\" \/>Diese hochwertigen Reagenzien sind darauf ausgelegt, die individuellen Anforderungen unserer Kunden zu erf\u00fcllen und Zuverl\u00e4ssigkeit sowie Exzellenz in Branchen zu gew\u00e4hrleisten, die Pr\u00e4zision und Innovation verlangen.<\/p>\n<\/div>\n    <\/div>\n<\/div>\n<\/div>\n<\/div>\n\n\n\n<p><\/p>\n\n\n\n<div class=\"wp-block-buttons is-content-justification-center is-layout-flex wp-container-core-buttons-is-layout-16018d1d wp-block-buttons-is-layout-flex\">\n<div class=\"wp-block-button\"><a class=\"wp-block-button__link wp-element-button\" href=\"https:\/\/www.minascent.com\/de\/produktsuche\/\">Zur Produktsuche<\/a><\/div>\n<\/div>\n\n\n\n<div style=\"height:60px\" aria-hidden=\"true\" class=\"wp-block-spacer\"><\/div>\n\n\n\n<div class=\"wp-block-group alignfull top-footer has-darkgrey-background-color has-background is-layout-constrained wp-container-core-group-is-layout-5b37d4c8 wp-block-group-is-layout-constrained\">\n<h2 class=\"wp-block-heading has-white-color has-text-color\">Sie haben <mark style=\"background-color:rgba(0, 0, 0, 0)\" class=\"has-inline-color has-brandcolor-color\">besondere W\u00fcnsche?<\/mark><\/h2>\n\n\n\n<p class=\"has-white-color has-text-color\">Wir sind Ihr Spezialchemie-Profi. Lassen Sie uns Ihre Frage pers\u00f6nlich im Detail besprechen. Wir freuen uns darauf, Ihnen eine ma\u00dfgeschneiderte L\u00f6sung zu liefern!<\/p>\n\n\n\n<div class=\"wp-block-buttons is-layout-flex wp-block-buttons-is-layout-flex\">\n<div class=\"wp-block-button as-display-block\"><a class=\"wp-block-button__link wp-element-button\" href=\"https:\/\/www.minascent.com\/kontakt\/\">Jetzt Kontakt aufnehmen<\/a><\/div>\n<\/div>\n<\/div>\n","protected":false},"excerpt":{"rendered":"<p>Sie haben besondere W\u00fcnsche? Wir sind Ihr Spezialchemie-Profi. Lassen Sie uns Ihre Frage pers\u00f6nlich im Detail besprechen. Wir freuen uns darauf, Ihnen eine ma\u00dfgeschneiderte L\u00f6sung zu liefern!<\/p>\n","protected":false},"author":7,"featured_media":896,"parent":0,"menu_order":0,"comment_status":"closed","ping_status":"closed","template":"","meta":{"_acf_changed":false,"footnotes":""},"class_list":["post-23","page","type-page","status-publish","has-post-thumbnail","hentry"],"acf":[],"yoast_head":"<!-- This site is optimized with the Yoast SEO plugin v27.2 - https:\/\/yoast.com\/product\/yoast-seo-wordpress\/ -->\n<title>Feinchemikalien - unser Produktportfolio | MINASCENT<\/title>\n<meta name=\"description\" content=\"Als Hersteller f\u00fcr Feinchemikalien decken wir alle Bereiche der Auftragsfertigung ab \u2713 Standardprodukte &amp; Ma\u00dfanfertigung \u2713 Erfahren Sie mehr!\" \/>\n<meta name=\"robots\" content=\"index, follow, max-snippet:-1, max-image-preview:large, max-video-preview:-1\" \/>\n<link rel=\"canonical\" href=\"https:\/\/www.minascent.com\/de\/produkte\/\" \/>\n<meta property=\"og:locale\" content=\"de_DE\" \/>\n<meta property=\"og:type\" content=\"article\" \/>\n<meta property=\"og:title\" content=\"Feinchemikalien - unser Produktportfolio | MINASCENT\" \/>\n<meta property=\"og:description\" content=\"Als Hersteller f\u00fcr Feinchemikalien decken wir alle Bereiche der Auftragsfertigung ab \u2713 Standardprodukte &amp; Ma\u00dfanfertigung \u2713 Erfahren Sie mehr!\" \/>\n<meta property=\"og:url\" content=\"https:\/\/www.minascent.com\/de\/produkte\/\" \/>\n<meta property=\"og:site_name\" content=\"MINASCENT\" \/>\n<meta property=\"article:modified_time\" content=\"2025-06-25T07:34:55+00:00\" \/>\n<meta property=\"og:image\" content=\"https:\/\/www.minascent.com\/wp-content\/uploads\/061123_SAM6264A_1920x1200px.jpg\" \/>\n\t<meta property=\"og:image:width\" content=\"1920\" \/>\n\t<meta property=\"og:image:height\" content=\"1200\" \/>\n\t<meta property=\"og:image:type\" content=\"image\/jpeg\" \/>\n<meta name=\"twitter:card\" content=\"summary_large_image\" \/>\n<meta name=\"twitter:label1\" content=\"Gesch\u00e4tzte Lesezeit\" \/>\n\t<meta name=\"twitter:data1\" content=\"1\u00a0Minute\" \/>\n<script type=\"application\/ld+json\" class=\"yoast-schema-graph\">{\"@context\":\"https:\/\/schema.org\",\"@graph\":[{\"@type\":\"WebPage\",\"@id\":\"https:\/\/www.minascent.com\/de\/produkte\/\",\"url\":\"https:\/\/www.minascent.com\/de\/produkte\/\",\"name\":\"Feinchemikalien - unser Produktportfolio | MINASCENT\",\"isPartOf\":{\"@id\":\"https:\/\/www.minascent.com\/de\/#website\"},\"primaryImageOfPage\":{\"@id\":\"https:\/\/www.minascent.com\/de\/produkte\/#primaryimage\"},\"image\":{\"@id\":\"https:\/\/www.minascent.com\/de\/produkte\/#primaryimage\"},\"thumbnailUrl\":\"https:\/\/www.minascent.com\/wp-content\/uploads\/061123_SAM6264A_1920x1200px.jpg\",\"datePublished\":\"2023-09-06T11:17:29+00:00\",\"dateModified\":\"2025-06-25T07:34:55+00:00\",\"description\":\"Als Hersteller f\u00fcr Feinchemikalien decken wir alle Bereiche der Auftragsfertigung ab \u2713 Standardprodukte & Ma\u00dfanfertigung \u2713 Erfahren Sie mehr!\",\"breadcrumb\":{\"@id\":\"https:\/\/www.minascent.com\/de\/produkte\/#breadcrumb\"},\"inLanguage\":\"de\",\"potentialAction\":[{\"@type\":\"ReadAction\",\"target\":[\"https:\/\/www.minascent.com\/de\/produkte\/\"]}]},{\"@type\":\"ImageObject\",\"inLanguage\":\"de\",\"@id\":\"https:\/\/www.minascent.com\/de\/produkte\/#primaryimage\",\"url\":\"https:\/\/www.minascent.com\/wp-content\/uploads\/061123_SAM6264A_1920x1200px.jpg\",\"contentUrl\":\"https:\/\/www.minascent.com\/wp-content\/uploads\/061123_SAM6264A_1920x1200px.jpg\",\"width\":1920,\"height\":1200,\"caption\":\"Herstellung von Feinchemikalien\"},{\"@type\":\"BreadcrumbList\",\"@id\":\"https:\/\/www.minascent.com\/de\/produkte\/#breadcrumb\",\"itemListElement\":[{\"@type\":\"ListItem\",\"position\":1,\"name\":\"Startseite\",\"item\":\"https:\/\/www.minascent.com\/de\/ihr-partner-fuer-anspruchsvolle-organische-chemie\/\"},{\"@type\":\"ListItem\",\"position\":2,\"name\":\"Unsere Produkte\"}]},{\"@type\":\"WebSite\",\"@id\":\"https:\/\/www.minascent.com\/de\/#website\",\"url\":\"https:\/\/www.minascent.com\/de\/\",\"name\":\"MINASCENT\",\"description\":\"Ihr Partner f\u00fcr Spezialchemie\",\"publisher\":{\"@id\":\"https:\/\/www.minascent.com\/de\/#organization\"},\"potentialAction\":[{\"@type\":\"SearchAction\",\"target\":{\"@type\":\"EntryPoint\",\"urlTemplate\":\"https:\/\/www.minascent.com\/de\/?s={search_term_string}\"},\"query-input\":{\"@type\":\"PropertyValueSpecification\",\"valueRequired\":true,\"valueName\":\"search_term_string\"}}],\"inLanguage\":\"de\"},{\"@type\":\"Organization\",\"@id\":\"https:\/\/www.minascent.com\/de\/#organization\",\"name\":\"Minascent Technologies GmbH\",\"alternateName\":\"MINASCENT\",\"url\":\"https:\/\/www.minascent.com\/de\/\",\"logo\":{\"@type\":\"ImageObject\",\"inLanguage\":\"de\",\"@id\":\"https:\/\/www.minascent.com\/de\/#\/schema\/logo\/image\/\",\"url\":\"https:\/\/www.minascent.com\/wp-content\/uploads\/minascent-logo.svg\",\"contentUrl\":\"https:\/\/www.minascent.com\/wp-content\/uploads\/minascent-logo.svg\",\"width\":1,\"height\":1,\"caption\":\"Minascent Technologies GmbH\"},\"image\":{\"@id\":\"https:\/\/www.minascent.com\/de\/#\/schema\/logo\/image\/\"}}]}<\/script>\n<!-- \/ Yoast SEO plugin. -->","yoast_head_json":{"title":"Feinchemikalien - unser Produktportfolio | MINASCENT","description":"Als Hersteller f\u00fcr Feinchemikalien decken wir alle Bereiche der Auftragsfertigung ab \u2713 Standardprodukte & Ma\u00dfanfertigung \u2713 Erfahren Sie mehr!","robots":{"index":"index","follow":"follow","max-snippet":"max-snippet:-1","max-image-preview":"max-image-preview:large","max-video-preview":"max-video-preview:-1"},"canonical":"https:\/\/www.minascent.com\/de\/produkte\/","og_locale":"de_DE","og_type":"article","og_title":"Feinchemikalien - unser Produktportfolio | MINASCENT","og_description":"Als Hersteller f\u00fcr Feinchemikalien decken wir alle Bereiche der Auftragsfertigung ab \u2713 Standardprodukte & Ma\u00dfanfertigung \u2713 Erfahren Sie mehr!","og_url":"https:\/\/www.minascent.com\/de\/produkte\/","og_site_name":"MINASCENT","article_modified_time":"2025-06-25T07:34:55+00:00","og_image":[{"width":1920,"height":1200,"url":"https:\/\/www.minascent.com\/wp-content\/uploads\/061123_SAM6264A_1920x1200px.jpg","type":"image\/jpeg"}],"twitter_card":"summary_large_image","twitter_misc":{"Gesch\u00e4tzte Lesezeit":"1\u00a0Minute"},"schema":{"@context":"https:\/\/schema.org","@graph":[{"@type":"WebPage","@id":"https:\/\/www.minascent.com\/de\/produkte\/","url":"https:\/\/www.minascent.com\/de\/produkte\/","name":"Feinchemikalien - unser Produktportfolio | MINASCENT","isPartOf":{"@id":"https:\/\/www.minascent.com\/de\/#website"},"primaryImageOfPage":{"@id":"https:\/\/www.minascent.com\/de\/produkte\/#primaryimage"},"image":{"@id":"https:\/\/www.minascent.com\/de\/produkte\/#primaryimage"},"thumbnailUrl":"https:\/\/www.minascent.com\/wp-content\/uploads\/061123_SAM6264A_1920x1200px.jpg","datePublished":"2023-09-06T11:17:29+00:00","dateModified":"2025-06-25T07:34:55+00:00","description":"Als Hersteller f\u00fcr Feinchemikalien decken wir alle Bereiche der Auftragsfertigung ab \u2713 Standardprodukte & Ma\u00dfanfertigung \u2713 Erfahren Sie mehr!","breadcrumb":{"@id":"https:\/\/www.minascent.com\/de\/produkte\/#breadcrumb"},"inLanguage":"de","potentialAction":[{"@type":"ReadAction","target":["https:\/\/www.minascent.com\/de\/produkte\/"]}]},{"@type":"ImageObject","inLanguage":"de","@id":"https:\/\/www.minascent.com\/de\/produkte\/#primaryimage","url":"https:\/\/www.minascent.com\/wp-content\/uploads\/061123_SAM6264A_1920x1200px.jpg","contentUrl":"https:\/\/www.minascent.com\/wp-content\/uploads\/061123_SAM6264A_1920x1200px.jpg","width":1920,"height":1200,"caption":"Herstellung von Feinchemikalien"},{"@type":"BreadcrumbList","@id":"https:\/\/www.minascent.com\/de\/produkte\/#breadcrumb","itemListElement":[{"@type":"ListItem","position":1,"name":"Startseite","item":"https:\/\/www.minascent.com\/de\/ihr-partner-fuer-anspruchsvolle-organische-chemie\/"},{"@type":"ListItem","position":2,"name":"Unsere Produkte"}]},{"@type":"WebSite","@id":"https:\/\/www.minascent.com\/de\/#website","url":"https:\/\/www.minascent.com\/de\/","name":"MINASCENT","description":"Ihr Partner f\u00fcr Spezialchemie","publisher":{"@id":"https:\/\/www.minascent.com\/de\/#organization"},"potentialAction":[{"@type":"SearchAction","target":{"@type":"EntryPoint","urlTemplate":"https:\/\/www.minascent.com\/de\/?s={search_term_string}"},"query-input":{"@type":"PropertyValueSpecification","valueRequired":true,"valueName":"search_term_string"}}],"inLanguage":"de"},{"@type":"Organization","@id":"https:\/\/www.minascent.com\/de\/#organization","name":"Minascent Technologies GmbH","alternateName":"MINASCENT","url":"https:\/\/www.minascent.com\/de\/","logo":{"@type":"ImageObject","inLanguage":"de","@id":"https:\/\/www.minascent.com\/de\/#\/schema\/logo\/image\/","url":"https:\/\/www.minascent.com\/wp-content\/uploads\/minascent-logo.svg","contentUrl":"https:\/\/www.minascent.com\/wp-content\/uploads\/minascent-logo.svg","width":1,"height":1,"caption":"Minascent Technologies GmbH"},"image":{"@id":"https:\/\/www.minascent.com\/de\/#\/schema\/logo\/image\/"}}]}},"_links":{"self":[{"href":"https:\/\/www.minascent.com\/de\/wp-json\/wp\/v2\/pages\/23","targetHints":{"allow":["GET"]}}],"collection":[{"href":"https:\/\/www.minascent.com\/de\/wp-json\/wp\/v2\/pages"}],"about":[{"href":"https:\/\/www.minascent.com\/de\/wp-json\/wp\/v2\/types\/page"}],"author":[{"embeddable":true,"href":"https:\/\/www.minascent.com\/de\/wp-json\/wp\/v2\/users\/7"}],"replies":[{"embeddable":true,"href":"https:\/\/www.minascent.com\/de\/wp-json\/wp\/v2\/comments?post=23"}],"version-history":[{"count":21,"href":"https:\/\/www.minascent.com\/de\/wp-json\/wp\/v2\/pages\/23\/revisions"}],"predecessor-version":[{"id":1865,"href":"https:\/\/www.minascent.com\/de\/wp-json\/wp\/v2\/pages\/23\/revisions\/1865"}],"wp:featuredmedia":[{"embeddable":true,"href":"https:\/\/www.minascent.com\/de\/wp-json\/wp\/v2\/media\/896"}],"wp:attachment":[{"href":"https:\/\/www.minascent.com\/de\/wp-json\/wp\/v2\/media?parent=23"}],"curies":[{"name":"wp","href":"https:\/\/api.w.org\/{rel}","templated":true}]}}