{"id":17,"date":"2023-09-06T13:16:48","date_gmt":"2023-09-06T13:16:48","guid":{"rendered":"http:\/\/minascent.com.w01e4b33.kasserver.com\/?page_id=17"},"modified":"2024-11-21T09:03:28","modified_gmt":"2024-11-21T08:03:28","slug":"geschichte","status":"publish","type":"page","link":"https:\/\/www.minascent.com\/de\/geschichte\/","title":{"rendered":"Geschichte"},"content":{"rendered":"<div class=\"timeline-block m-as-margin-left-20\">\n\n    <div class=\"timeline-wrapper alignwide\">\n\n        \n            <div class=\"timeline-entry m-as-padding-top-10\">\n                <div class=\"timeline-point\"><\/div>\n                <div class=\"as-margin-left-60 d-as-margin-bottom-80 t-as-margin-bottom-100 m-as-margin-bottom-70 as-padding-right-20 as-padding-left-20\">\n                    <h2 class=\"ge-font-h-md\">2022<\/h2>\n                    <p class=\"ge-font-default as-margin-top-5\">Umsatz \u00fcber 50 Mio \u20ac und ISO-Zertifizierung gem\u00e4\u00df ISO 9001<\/p>\n                    <img loading=\"lazy\" decoding=\"async\" width=\"375\" height=\"234\" src=\"https:\/\/www.minascent.com\/wp-content\/uploads\/TUEV-Nord_DE-a17f44fc-2.jpg\" class=\"as-margin-top-20\" alt=\"T\u00dcV Nord Siegel DIN EN ISO 9001\" style=\"max-width: 40%; height: auto; max-height: 200rem;\" \/>                <\/div>\n            <\/div>\n\n        \n            <div class=\"timeline-entry m-as-padding-top-10\">\n                <div class=\"timeline-point\"><\/div>\n                <div class=\"as-margin-left-60 d-as-margin-bottom-80 t-as-margin-bottom-100 m-as-margin-bottom-70 as-padding-right-20 as-padding-left-20\">\n                    <h2 class=\"ge-font-h-md\">2019<\/h2>\n                    <p class=\"ge-font-default as-margin-top-5\">Minascent feiert 2019 sein 25-j\u00e4hriges Bestehen.<\/p>\n                                    <\/div>\n            <\/div>\n\n        \n            <div class=\"timeline-entry m-as-padding-top-10\">\n                <div class=\"timeline-point\"><\/div>\n                <div class=\"as-margin-left-60 d-as-margin-bottom-80 t-as-margin-bottom-100 m-as-margin-bottom-70 as-padding-right-20 as-padding-left-20\">\n                    <h2 class=\"ge-font-h-md\">2015<\/h2>\n                    <p class=\"ge-font-default as-margin-top-5\">Umstrukturierung der Minascent als eigenst\u00e4ndige Gesch\u00e4ftseinheit.\r\n\r\nZertifizierung gem\u00e4\u00df DIN EN ISO 500001<\/p>\n                    <img loading=\"lazy\" decoding=\"async\" width=\"400\" height=\"250\" src=\"https:\/\/www.minascent.com\/wp-content\/uploads\/zeitstrahl_2015_Standort-Leuna-66e71043-2.png\" class=\"as-margin-top-20\" alt=\"Firmengel\u00e4nde Minascent am Standort Leuna\" style=\"max-width: 40%; height: auto; max-height: 200rem;\" \/>                <\/div>\n            <\/div>\n\n        \n            <div class=\"timeline-entry m-as-padding-top-10\">\n                <div class=\"timeline-point\"><\/div>\n                <div class=\"as-margin-left-60 d-as-margin-bottom-80 t-as-margin-bottom-100 m-as-margin-bottom-70 as-padding-right-20 as-padding-left-20\">\n                    <h2 class=\"ge-font-h-md\">2008<\/h2>\n                    <p class=\"ge-font-default as-margin-top-5\">Erfolgreich durch die US-FDA (US Food and Drug Administration) gepr\u00fcft<\/p>\n                                    <\/div>\n            <\/div>\n\n        \n            <div class=\"timeline-entry m-as-padding-top-10\">\n                <div class=\"timeline-point\"><\/div>\n                <div class=\"as-margin-left-60 d-as-margin-bottom-80 t-as-margin-bottom-100 m-as-margin-bottom-70 as-padding-right-20 as-padding-left-20\">\n                    <h2 class=\"ge-font-h-md\">2006<\/h2>\n                    <p class=\"ge-font-default as-margin-top-5\">\u00dcbertragung der Inhaberschaft von SI Group an die Minafin-Gruppe<\/p>\n                    <img loading=\"lazy\" decoding=\"async\" width=\"750\" height=\"114\" src=\"https:\/\/www.minascent.com\/wp-content\/uploads\/Logo-Minafin-e97e09555-2.png\" class=\"as-margin-top-20\" alt=\"Logo der Minafin-Gruppe\" style=\"max-width: 40%; height: auto; max-height: 200rem;\" \/>                <\/div>\n            <\/div>\n\n        \n            <div class=\"timeline-entry m-as-padding-top-10\">\n                <div class=\"timeline-point\"><\/div>\n                <div class=\"as-margin-left-60 d-as-margin-bottom-80 t-as-margin-bottom-100 m-as-margin-bottom-70 as-padding-right-20 as-padding-left-20\">\n                    <h2 class=\"ge-font-h-md\">2000<\/h2>\n                    <p class=\"ge-font-default as-margin-top-5\">\u00dcbernahme der Chemtec Leuna durch die SI Group<\/p>\n                                    <\/div>\n            <\/div>\n\n        \n            <div class=\"timeline-entry m-as-padding-top-10\">\n                <div class=\"timeline-point\"><\/div>\n                <div class=\"as-margin-left-60 d-as-margin-bottom-80 t-as-margin-bottom-100 m-as-margin-bottom-70 as-padding-right-20 as-padding-left-20\">\n                    <h2 class=\"ge-font-h-md\">1995<\/h2>\n                    <p class=\"ge-font-default as-margin-top-5\">Gr\u00fcndung der Chartergesellschaft Chemtec Leuna, die sich zur Minascent entwickelte<\/p>\n                    <img loading=\"lazy\" decoding=\"async\" width=\"400\" height=\"250\" src=\"https:\/\/www.minascent.com\/wp-content\/uploads\/zeitstrahl_1990-a358c4b2-2.jpg\" class=\"as-margin-top-20\" alt=\"Geb\u00e4ude des Minascent-Vorg\u00e4ngerunternehmens Chemtec Leuna\" style=\"max-width: 40%; height: auto; max-height: 200rem;\" \/>                <\/div>\n            <\/div>\n\n            <\/div>\n<\/div>","protected":false},"excerpt":{"rendered":"","protected":false},"author":7,"featured_media":569,"parent":0,"menu_order":0,"comment_status":"closed","ping_status":"closed","template":"","meta":{"_acf_changed":false,"footnotes":""},"class_list":["post-17","page","type-page","status-publish","has-post-thumbnail","hentry"],"acf":[],"yoast_head":"<!-- This site is optimized with the Yoast SEO plugin v27.2 - https:\/\/yoast.com\/product\/yoast-seo-wordpress\/ -->\n<title>Unsere Unternehmensgeschichte | MINASCENT<\/title>\n<meta name=\"description\" content=\"Erfahren Sie alles \u00fcber die Geschichte von Minascent &amp; unsere Entwicklung zu einem der f\u00fchrenden Hersteller f\u00fcr Spezialchemikalien.\" \/>\n<meta name=\"robots\" content=\"index, follow, max-snippet:-1, max-image-preview:large, max-video-preview:-1\" \/>\n<link rel=\"canonical\" href=\"https:\/\/www.minascent.com\/de\/geschichte\/\" \/>\n<meta property=\"og:locale\" content=\"de_DE\" \/>\n<meta property=\"og:type\" content=\"article\" \/>\n<meta property=\"og:title\" content=\"Unsere Unternehmensgeschichte | MINASCENT\" \/>\n<meta property=\"og:description\" content=\"Erfahren Sie alles \u00fcber die Geschichte von Minascent &amp; unsere Entwicklung zu einem der f\u00fchrenden Hersteller f\u00fcr Spezialchemikalien.\" \/>\n<meta property=\"og:url\" content=\"https:\/\/www.minascent.com\/de\/geschichte\/\" \/>\n<meta property=\"og:site_name\" content=\"MINASCENT\" \/>\n<meta property=\"article:modified_time\" content=\"2024-11-21T08:03:28+00:00\" \/>\n<meta property=\"og:image\" content=\"https:\/\/www.minascent.com\/wp-content\/uploads\/091023_minascent-hero-image_history.jpg\" \/>\n\t<meta property=\"og:image:width\" content=\"1925\" \/>\n\t<meta property=\"og:image:height\" content=\"1200\" \/>\n\t<meta property=\"og:image:type\" content=\"image\/jpeg\" \/>\n<meta name=\"twitter:card\" content=\"summary_large_image\" \/>\n<meta name=\"twitter:label1\" content=\"Gesch\u00e4tzte Lesezeit\" \/>\n\t<meta name=\"twitter:data1\" content=\"1\u00a0Minute\" \/>\n<script type=\"application\/ld+json\" class=\"yoast-schema-graph\">{\"@context\":\"https:\/\/schema.org\",\"@graph\":[{\"@type\":\"WebPage\",\"@id\":\"https:\/\/www.minascent.com\/de\/geschichte\/\",\"url\":\"https:\/\/www.minascent.com\/de\/geschichte\/\",\"name\":\"Unsere Unternehmensgeschichte | MINASCENT\",\"isPartOf\":{\"@id\":\"https:\/\/www.minascent.com\/de\/#website\"},\"primaryImageOfPage\":{\"@id\":\"https:\/\/www.minascent.com\/de\/geschichte\/#primaryimage\"},\"image\":{\"@id\":\"https:\/\/www.minascent.com\/de\/geschichte\/#primaryimage\"},\"thumbnailUrl\":\"https:\/\/www.minascent.com\/wp-content\/uploads\/091023_minascent-hero-image_history.jpg\",\"datePublished\":\"2023-09-06T13:16:48+00:00\",\"dateModified\":\"2024-11-21T08:03:28+00:00\",\"description\":\"Erfahren Sie alles \u00fcber die Geschichte von Minascent & unsere Entwicklung zu einem der f\u00fchrenden Hersteller f\u00fcr Spezialchemikalien.\",\"breadcrumb\":{\"@id\":\"https:\/\/www.minascent.com\/de\/geschichte\/#breadcrumb\"},\"inLanguage\":\"de\",\"potentialAction\":[{\"@type\":\"ReadAction\",\"target\":[\"https:\/\/www.minascent.com\/de\/geschichte\/\"]}]},{\"@type\":\"ImageObject\",\"inLanguage\":\"de\",\"@id\":\"https:\/\/www.minascent.com\/de\/geschichte\/#primaryimage\",\"url\":\"https:\/\/www.minascent.com\/wp-content\/uploads\/091023_minascent-hero-image_history.jpg\",\"contentUrl\":\"https:\/\/www.minascent.com\/wp-content\/uploads\/091023_minascent-hero-image_history.jpg\",\"width\":1925,\"height\":1200,\"caption\":\"Unternehmensgeb\u00e4ude von Minascent\"},{\"@type\":\"BreadcrumbList\",\"@id\":\"https:\/\/www.minascent.com\/de\/geschichte\/#breadcrumb\",\"itemListElement\":[{\"@type\":\"ListItem\",\"position\":1,\"name\":\"Startseite\",\"item\":\"https:\/\/www.minascent.com\/de\/ihr-partner-fuer-anspruchsvolle-organische-chemie\/\"},{\"@type\":\"ListItem\",\"position\":2,\"name\":\"Geschichte\"}]},{\"@type\":\"WebSite\",\"@id\":\"https:\/\/www.minascent.com\/de\/#website\",\"url\":\"https:\/\/www.minascent.com\/de\/\",\"name\":\"MINASCENT\",\"description\":\"Ihr Partner f\u00fcr Spezialchemie\",\"publisher\":{\"@id\":\"https:\/\/www.minascent.com\/de\/#organization\"},\"potentialAction\":[{\"@type\":\"SearchAction\",\"target\":{\"@type\":\"EntryPoint\",\"urlTemplate\":\"https:\/\/www.minascent.com\/de\/?s={search_term_string}\"},\"query-input\":{\"@type\":\"PropertyValueSpecification\",\"valueRequired\":true,\"valueName\":\"search_term_string\"}}],\"inLanguage\":\"de\"},{\"@type\":\"Organization\",\"@id\":\"https:\/\/www.minascent.com\/de\/#organization\",\"name\":\"Minascent Technologies GmbH\",\"alternateName\":\"MINASCENT\",\"url\":\"https:\/\/www.minascent.com\/de\/\",\"logo\":{\"@type\":\"ImageObject\",\"inLanguage\":\"de\",\"@id\":\"https:\/\/www.minascent.com\/de\/#\/schema\/logo\/image\/\",\"url\":\"https:\/\/www.minascent.com\/wp-content\/uploads\/minascent-logo.svg\",\"contentUrl\":\"https:\/\/www.minascent.com\/wp-content\/uploads\/minascent-logo.svg\",\"width\":1,\"height\":1,\"caption\":\"Minascent Technologies GmbH\"},\"image\":{\"@id\":\"https:\/\/www.minascent.com\/de\/#\/schema\/logo\/image\/\"}}]}<\/script>\n<!-- \/ Yoast SEO plugin. -->","yoast_head_json":{"title":"Unsere Unternehmensgeschichte | MINASCENT","description":"Erfahren Sie alles \u00fcber die Geschichte von Minascent & unsere Entwicklung zu einem der f\u00fchrenden Hersteller f\u00fcr Spezialchemikalien.","robots":{"index":"index","follow":"follow","max-snippet":"max-snippet:-1","max-image-preview":"max-image-preview:large","max-video-preview":"max-video-preview:-1"},"canonical":"https:\/\/www.minascent.com\/de\/geschichte\/","og_locale":"de_DE","og_type":"article","og_title":"Unsere Unternehmensgeschichte | MINASCENT","og_description":"Erfahren Sie alles \u00fcber die Geschichte von Minascent & unsere Entwicklung zu einem der f\u00fchrenden Hersteller f\u00fcr Spezialchemikalien.","og_url":"https:\/\/www.minascent.com\/de\/geschichte\/","og_site_name":"MINASCENT","article_modified_time":"2024-11-21T08:03:28+00:00","og_image":[{"width":1925,"height":1200,"url":"https:\/\/www.minascent.com\/wp-content\/uploads\/091023_minascent-hero-image_history.jpg","type":"image\/jpeg"}],"twitter_card":"summary_large_image","twitter_misc":{"Gesch\u00e4tzte Lesezeit":"1\u00a0Minute"},"schema":{"@context":"https:\/\/schema.org","@graph":[{"@type":"WebPage","@id":"https:\/\/www.minascent.com\/de\/geschichte\/","url":"https:\/\/www.minascent.com\/de\/geschichte\/","name":"Unsere Unternehmensgeschichte | MINASCENT","isPartOf":{"@id":"https:\/\/www.minascent.com\/de\/#website"},"primaryImageOfPage":{"@id":"https:\/\/www.minascent.com\/de\/geschichte\/#primaryimage"},"image":{"@id":"https:\/\/www.minascent.com\/de\/geschichte\/#primaryimage"},"thumbnailUrl":"https:\/\/www.minascent.com\/wp-content\/uploads\/091023_minascent-hero-image_history.jpg","datePublished":"2023-09-06T13:16:48+00:00","dateModified":"2024-11-21T08:03:28+00:00","description":"Erfahren Sie alles \u00fcber die Geschichte von Minascent & unsere Entwicklung zu einem der f\u00fchrenden Hersteller f\u00fcr Spezialchemikalien.","breadcrumb":{"@id":"https:\/\/www.minascent.com\/de\/geschichte\/#breadcrumb"},"inLanguage":"de","potentialAction":[{"@type":"ReadAction","target":["https:\/\/www.minascent.com\/de\/geschichte\/"]}]},{"@type":"ImageObject","inLanguage":"de","@id":"https:\/\/www.minascent.com\/de\/geschichte\/#primaryimage","url":"https:\/\/www.minascent.com\/wp-content\/uploads\/091023_minascent-hero-image_history.jpg","contentUrl":"https:\/\/www.minascent.com\/wp-content\/uploads\/091023_minascent-hero-image_history.jpg","width":1925,"height":1200,"caption":"Unternehmensgeb\u00e4ude von Minascent"},{"@type":"BreadcrumbList","@id":"https:\/\/www.minascent.com\/de\/geschichte\/#breadcrumb","itemListElement":[{"@type":"ListItem","position":1,"name":"Startseite","item":"https:\/\/www.minascent.com\/de\/ihr-partner-fuer-anspruchsvolle-organische-chemie\/"},{"@type":"ListItem","position":2,"name":"Geschichte"}]},{"@type":"WebSite","@id":"https:\/\/www.minascent.com\/de\/#website","url":"https:\/\/www.minascent.com\/de\/","name":"MINASCENT","description":"Ihr Partner f\u00fcr Spezialchemie","publisher":{"@id":"https:\/\/www.minascent.com\/de\/#organization"},"potentialAction":[{"@type":"SearchAction","target":{"@type":"EntryPoint","urlTemplate":"https:\/\/www.minascent.com\/de\/?s={search_term_string}"},"query-input":{"@type":"PropertyValueSpecification","valueRequired":true,"valueName":"search_term_string"}}],"inLanguage":"de"},{"@type":"Organization","@id":"https:\/\/www.minascent.com\/de\/#organization","name":"Minascent Technologies GmbH","alternateName":"MINASCENT","url":"https:\/\/www.minascent.com\/de\/","logo":{"@type":"ImageObject","inLanguage":"de","@id":"https:\/\/www.minascent.com\/de\/#\/schema\/logo\/image\/","url":"https:\/\/www.minascent.com\/wp-content\/uploads\/minascent-logo.svg","contentUrl":"https:\/\/www.minascent.com\/wp-content\/uploads\/minascent-logo.svg","width":1,"height":1,"caption":"Minascent Technologies GmbH"},"image":{"@id":"https:\/\/www.minascent.com\/de\/#\/schema\/logo\/image\/"}}]}},"_links":{"self":[{"href":"https:\/\/www.minascent.com\/de\/wp-json\/wp\/v2\/pages\/17","targetHints":{"allow":["GET"]}}],"collection":[{"href":"https:\/\/www.minascent.com\/de\/wp-json\/wp\/v2\/pages"}],"about":[{"href":"https:\/\/www.minascent.com\/de\/wp-json\/wp\/v2\/types\/page"}],"author":[{"embeddable":true,"href":"https:\/\/www.minascent.com\/de\/wp-json\/wp\/v2\/users\/7"}],"replies":[{"embeddable":true,"href":"https:\/\/www.minascent.com\/de\/wp-json\/wp\/v2\/comments?post=17"}],"version-history":[{"count":6,"href":"https:\/\/www.minascent.com\/de\/wp-json\/wp\/v2\/pages\/17\/revisions"}],"predecessor-version":[{"id":1327,"href":"https:\/\/www.minascent.com\/de\/wp-json\/wp\/v2\/pages\/17\/revisions\/1327"}],"wp:featuredmedia":[{"embeddable":true,"href":"https:\/\/www.minascent.com\/de\/wp-json\/wp\/v2\/media\/569"}],"wp:attachment":[{"href":"https:\/\/www.minascent.com\/de\/wp-json\/wp\/v2\/media?parent=17"}],"curies":[{"name":"wp","href":"https:\/\/api.w.org\/{rel}","templated":true}]}}