{"id":13,"date":"2023-09-06T13:15:14","date_gmt":"2023-09-06T13:15:14","guid":{"rendered":"http:\/\/minascent.com.w01e4b33.kasserver.com\/?page_id=13"},"modified":"2026-03-11T10:13:22","modified_gmt":"2026-03-11T09:13:22","slug":"minascent-in-zahlen","status":"publish","type":"page","link":"https:\/\/www.minascent.com\/de\/minascent-in-zahlen\/","title":{"rendered":"\u00dcber uns"},"content":{"rendered":"\n<h2 class=\"wp-block-heading\"><mark style=\"background-color:rgba(0, 0, 0, 0)\" class=\"has-inline-color has-brandcolor-color\">Zahlen &amp; Fakten<\/mark> &#8211; Auf einen Blick<\/h2>\n\n\n\n<figure class=\"wp-block-image aligncenter size-full\"><img loading=\"lazy\" decoding=\"async\" width=\"1340\" height=\"1332\" src=\"https:\/\/www.minascent.com\/wp-content\/uploads\/27022026_MINACENT-Website-ZahlenFakten_facts_DE-e1773220340868.jpg\" alt=\"\" class=\"wp-image-2232\" style=\"object-fit:cover\" title=\"Zahlen und Fakten zu Minascent\" srcset=\"https:\/\/www.minascent.com\/wp-content\/uploads\/27022026_MINACENT-Website-ZahlenFakten_facts_DE-e1773220340868.jpg 1340w, https:\/\/www.minascent.com\/wp-content\/uploads\/27022026_MINACENT-Website-ZahlenFakten_facts_DE-e1773220340868-1024x1018.jpg 1024w, https:\/\/www.minascent.com\/wp-content\/uploads\/27022026_MINACENT-Website-ZahlenFakten_facts_DE-e1773220340868-150x150.jpg 150w, https:\/\/www.minascent.com\/wp-content\/uploads\/27022026_MINACENT-Website-ZahlenFakten_facts_DE-e1773220340868-768x763.jpg 768w\" sizes=\"auto, (max-width: 1340px) 100vw, 1340px\" \/><\/figure>\n\n\n\n<div class=\"wp-block-group alignfull has-darkgrey-background-color has-background is-layout-constrained wp-block-group-is-layout-constrained\">\n<h2 class=\"wp-block-heading has-white-color has-text-color\"><mark style=\"background-color:rgba(0, 0, 0, 0)\" class=\"has-inline-color has-brandcolor-color\">Minascent<\/mark> geh\u00f6rt zur Minafin-Gruppe<\/h2>\n\n\n\n<p class=\"has-white-color has-text-color\">Minafin wurde im Jahr 2004 gegr\u00fcndet. Im Jahr 2005, entwickelte sich die Minafin durch die \u00dcbernahme der Verm\u00f6genswerte von SEAC, einer franz\u00f6sischen CMO (Contract Manufacturing Organisation) in Beuvry-la-For\u00eat, die auf chemische Dienstleistungen f\u00fcr Arzneimittel in klinischer Pr\u00fcfung spezialisiert ist, zu einem Industrieunternehmen.<\/p>\n\n\n\n<p class=\"has-white-color has-text-color\">Minafin ist es gelungen, nicht nur das gesamte Spektrum des Chemiebedarfs der pharmazeutischen Industrie abzudecken, sondern auch seine Aktivit\u00e4ten zu diversifizieren, um ein Chemieangebot f\u00fcr andere M\u00e4rkte mit modernstem Chemie-Know-how zu entwickeln.<\/p>\n\n\n\n<div class=\"wp-block-buttons is-layout-flex wp-block-buttons-is-layout-flex\">\n<div class=\"wp-block-button is-style-brandcolor-button\"><a class=\"wp-block-button__link wp-element-button\" href=\"http:\/\/minafin.com\/\" target=\"_blank\" rel=\"noreferrer noopener\">MEHR<\/a><\/div>\n<\/div>\n<\/div>\n","protected":false},"excerpt":{"rendered":"<p>Zahlen &amp; Fakten &#8211; Auf einen Blick Minascent geh\u00f6rt zur Minafin-Gruppe Minafin wurde im Jahr 2004 gegr\u00fcndet. Im Jahr 2005, entwickelte sich die Minafin durch die \u00dcbernahme der Verm\u00f6genswerte von SEAC, einer franz\u00f6sischen CMO (Contract Manufacturing Organisation) in Beuvry-la-For\u00eat, die auf chemische Dienstleistungen f\u00fcr Arzneimittel in klinischer Pr\u00fcfung spezialisiert ist, zu einem Industrieunternehmen. Minafin ist [&hellip;]<\/p>\n","protected":false},"author":7,"featured_media":873,"parent":0,"menu_order":0,"comment_status":"closed","ping_status":"closed","template":"","meta":{"_acf_changed":false,"footnotes":""},"class_list":["post-13","page","type-page","status-publish","has-post-thumbnail","hentry"],"acf":[],"yoast_head":"<!-- This site is optimized with the Yoast SEO plugin v27.2 - https:\/\/yoast.com\/product\/yoast-seo-wordpress\/ -->\n<title>Unsere Erfolge und Ziele | MINASCENT<\/title>\n<meta name=\"description\" content=\"Erfahren Sie alles \u00fcber die Geschichte, die Erfolge &amp; die Ziele von Minascent \u2713 Ihrem Partner f\u00fcr hochwertige Spezialchemie\" \/>\n<meta name=\"robots\" content=\"index, follow, max-snippet:-1, max-image-preview:large, max-video-preview:-1\" \/>\n<link rel=\"canonical\" href=\"https:\/\/www.minascent.com\/de\/\" \/>\n<meta property=\"og:locale\" content=\"de_DE\" \/>\n<meta property=\"og:type\" content=\"article\" \/>\n<meta property=\"og:title\" content=\"Unsere Erfolge und Ziele | MINASCENT\" \/>\n<meta property=\"og:description\" content=\"Erfahren Sie alles \u00fcber die Geschichte, die Erfolge &amp; die Ziele von Minascent \u2713 Ihrem Partner f\u00fcr hochwertige Spezialchemie\" \/>\n<meta property=\"og:url\" content=\"https:\/\/www.minascent.com\/de\/\" \/>\n<meta property=\"og:site_name\" content=\"MINASCENT\" \/>\n<meta property=\"article:modified_time\" content=\"2026-03-11T09:13:22+00:00\" \/>\n<meta property=\"og:image\" content=\"https:\/\/www.minascent.com\/wp-content\/uploads\/021123_ueber_uns_1920x1200px.jpg\" \/>\n\t<meta property=\"og:image:width\" content=\"1920\" \/>\n\t<meta property=\"og:image:height\" content=\"1200\" \/>\n\t<meta property=\"og:image:type\" content=\"image\/jpeg\" \/>\n<meta name=\"twitter:card\" content=\"summary_large_image\" \/>\n<meta name=\"twitter:label1\" content=\"Gesch\u00e4tzte Lesezeit\" \/>\n\t<meta name=\"twitter:data1\" content=\"1\u00a0Minute\" \/>\n<script type=\"application\/ld+json\" class=\"yoast-schema-graph\">{\"@context\":\"https:\/\/schema.org\",\"@graph\":[{\"@type\":\"WebPage\",\"@id\":\"https:\/\/www.minascent.com\/de\/\",\"url\":\"https:\/\/www.minascent.com\/de\/\",\"name\":\"Unsere Erfolge und Ziele | MINASCENT\",\"isPartOf\":{\"@id\":\"https:\/\/www.minascent.com\/de\/#website\"},\"primaryImageOfPage\":{\"@id\":\"https:\/\/www.minascent.com\/de\/#primaryimage\"},\"image\":{\"@id\":\"https:\/\/www.minascent.com\/de\/#primaryimage\"},\"thumbnailUrl\":\"https:\/\/www.minascent.com\/wp-content\/uploads\/021123_ueber_uns_1920x1200px.jpg\",\"datePublished\":\"2023-09-06T13:15:14+00:00\",\"dateModified\":\"2026-03-11T09:13:22+00:00\",\"description\":\"Erfahren Sie alles \u00fcber die Geschichte, die Erfolge & die Ziele von Minascent \u2713 Ihrem Partner f\u00fcr hochwertige Spezialchemie\",\"breadcrumb\":{\"@id\":\"https:\/\/www.minascent.com\/de\/#breadcrumb\"},\"inLanguage\":\"de\",\"potentialAction\":[{\"@type\":\"ReadAction\",\"target\":[\"https:\/\/www.minascent.com\/de\/\"]}]},{\"@type\":\"ImageObject\",\"inLanguage\":\"de\",\"@id\":\"https:\/\/www.minascent.com\/de\/#primaryimage\",\"url\":\"https:\/\/www.minascent.com\/wp-content\/uploads\/021123_ueber_uns_1920x1200px.jpg\",\"contentUrl\":\"https:\/\/www.minascent.com\/wp-content\/uploads\/021123_ueber_uns_1920x1200px.jpg\",\"width\":1920,\"height\":1200,\"caption\":\"Geb\u00e4ude von Minascent im Chemiepark Leuna\"},{\"@type\":\"BreadcrumbList\",\"@id\":\"https:\/\/www.minascent.com\/de\/#breadcrumb\",\"itemListElement\":[{\"@type\":\"ListItem\",\"position\":1,\"name\":\"Startseite\",\"item\":\"https:\/\/www.minascent.com\/de\/ihr-partner-fuer-anspruchsvolle-organische-chemie\/\"},{\"@type\":\"ListItem\",\"position\":2,\"name\":\"\u00dcber uns\"}]},{\"@type\":\"WebSite\",\"@id\":\"https:\/\/www.minascent.com\/de\/#website\",\"url\":\"https:\/\/www.minascent.com\/de\/\",\"name\":\"MINASCENT\",\"description\":\"Ihr Partner f\u00fcr Spezialchemie\",\"publisher\":{\"@id\":\"https:\/\/www.minascent.com\/de\/#organization\"},\"potentialAction\":[{\"@type\":\"SearchAction\",\"target\":{\"@type\":\"EntryPoint\",\"urlTemplate\":\"https:\/\/www.minascent.com\/de\/?s={search_term_string}\"},\"query-input\":{\"@type\":\"PropertyValueSpecification\",\"valueRequired\":true,\"valueName\":\"search_term_string\"}}],\"inLanguage\":\"de\"},{\"@type\":\"Organization\",\"@id\":\"https:\/\/www.minascent.com\/de\/#organization\",\"name\":\"Minascent Technologies GmbH\",\"alternateName\":\"MINASCENT\",\"url\":\"https:\/\/www.minascent.com\/de\/\",\"logo\":{\"@type\":\"ImageObject\",\"inLanguage\":\"de\",\"@id\":\"https:\/\/www.minascent.com\/de\/#\/schema\/logo\/image\/\",\"url\":\"https:\/\/www.minascent.com\/wp-content\/uploads\/minascent-logo.svg\",\"contentUrl\":\"https:\/\/www.minascent.com\/wp-content\/uploads\/minascent-logo.svg\",\"width\":1,\"height\":1,\"caption\":\"Minascent Technologies GmbH\"},\"image\":{\"@id\":\"https:\/\/www.minascent.com\/de\/#\/schema\/logo\/image\/\"}}]}<\/script>\n<!-- \/ Yoast SEO plugin. -->","yoast_head_json":{"title":"Unsere Erfolge und Ziele | MINASCENT","description":"Erfahren Sie alles \u00fcber die Geschichte, die Erfolge & die Ziele von Minascent \u2713 Ihrem Partner f\u00fcr hochwertige Spezialchemie","robots":{"index":"index","follow":"follow","max-snippet":"max-snippet:-1","max-image-preview":"max-image-preview:large","max-video-preview":"max-video-preview:-1"},"canonical":"https:\/\/www.minascent.com\/de\/","og_locale":"de_DE","og_type":"article","og_title":"Unsere Erfolge und Ziele | MINASCENT","og_description":"Erfahren Sie alles \u00fcber die Geschichte, die Erfolge & die Ziele von Minascent \u2713 Ihrem Partner f\u00fcr hochwertige Spezialchemie","og_url":"https:\/\/www.minascent.com\/de\/","og_site_name":"MINASCENT","article_modified_time":"2026-03-11T09:13:22+00:00","og_image":[{"width":1920,"height":1200,"url":"https:\/\/www.minascent.com\/wp-content\/uploads\/021123_ueber_uns_1920x1200px.jpg","type":"image\/jpeg"}],"twitter_card":"summary_large_image","twitter_misc":{"Gesch\u00e4tzte Lesezeit":"1\u00a0Minute"},"schema":{"@context":"https:\/\/schema.org","@graph":[{"@type":"WebPage","@id":"https:\/\/www.minascent.com\/de\/","url":"https:\/\/www.minascent.com\/de\/","name":"Unsere Erfolge und Ziele | MINASCENT","isPartOf":{"@id":"https:\/\/www.minascent.com\/de\/#website"},"primaryImageOfPage":{"@id":"https:\/\/www.minascent.com\/de\/#primaryimage"},"image":{"@id":"https:\/\/www.minascent.com\/de\/#primaryimage"},"thumbnailUrl":"https:\/\/www.minascent.com\/wp-content\/uploads\/021123_ueber_uns_1920x1200px.jpg","datePublished":"2023-09-06T13:15:14+00:00","dateModified":"2026-03-11T09:13:22+00:00","description":"Erfahren Sie alles \u00fcber die Geschichte, die Erfolge & die Ziele von Minascent \u2713 Ihrem Partner f\u00fcr hochwertige Spezialchemie","breadcrumb":{"@id":"https:\/\/www.minascent.com\/de\/#breadcrumb"},"inLanguage":"de","potentialAction":[{"@type":"ReadAction","target":["https:\/\/www.minascent.com\/de\/"]}]},{"@type":"ImageObject","inLanguage":"de","@id":"https:\/\/www.minascent.com\/de\/#primaryimage","url":"https:\/\/www.minascent.com\/wp-content\/uploads\/021123_ueber_uns_1920x1200px.jpg","contentUrl":"https:\/\/www.minascent.com\/wp-content\/uploads\/021123_ueber_uns_1920x1200px.jpg","width":1920,"height":1200,"caption":"Geb\u00e4ude von Minascent im Chemiepark Leuna"},{"@type":"BreadcrumbList","@id":"https:\/\/www.minascent.com\/de\/#breadcrumb","itemListElement":[{"@type":"ListItem","position":1,"name":"Startseite","item":"https:\/\/www.minascent.com\/de\/ihr-partner-fuer-anspruchsvolle-organische-chemie\/"},{"@type":"ListItem","position":2,"name":"\u00dcber uns"}]},{"@type":"WebSite","@id":"https:\/\/www.minascent.com\/de\/#website","url":"https:\/\/www.minascent.com\/de\/","name":"MINASCENT","description":"Ihr Partner f\u00fcr Spezialchemie","publisher":{"@id":"https:\/\/www.minascent.com\/de\/#organization"},"potentialAction":[{"@type":"SearchAction","target":{"@type":"EntryPoint","urlTemplate":"https:\/\/www.minascent.com\/de\/?s={search_term_string}"},"query-input":{"@type":"PropertyValueSpecification","valueRequired":true,"valueName":"search_term_string"}}],"inLanguage":"de"},{"@type":"Organization","@id":"https:\/\/www.minascent.com\/de\/#organization","name":"Minascent Technologies GmbH","alternateName":"MINASCENT","url":"https:\/\/www.minascent.com\/de\/","logo":{"@type":"ImageObject","inLanguage":"de","@id":"https:\/\/www.minascent.com\/de\/#\/schema\/logo\/image\/","url":"https:\/\/www.minascent.com\/wp-content\/uploads\/minascent-logo.svg","contentUrl":"https:\/\/www.minascent.com\/wp-content\/uploads\/minascent-logo.svg","width":1,"height":1,"caption":"Minascent Technologies GmbH"},"image":{"@id":"https:\/\/www.minascent.com\/de\/#\/schema\/logo\/image\/"}}]}},"_links":{"self":[{"href":"https:\/\/www.minascent.com\/de\/wp-json\/wp\/v2\/pages\/13","targetHints":{"allow":["GET"]}}],"collection":[{"href":"https:\/\/www.minascent.com\/de\/wp-json\/wp\/v2\/pages"}],"about":[{"href":"https:\/\/www.minascent.com\/de\/wp-json\/wp\/v2\/types\/page"}],"author":[{"embeddable":true,"href":"https:\/\/www.minascent.com\/de\/wp-json\/wp\/v2\/users\/7"}],"replies":[{"embeddable":true,"href":"https:\/\/www.minascent.com\/de\/wp-json\/wp\/v2\/comments?post=13"}],"version-history":[{"count":7,"href":"https:\/\/www.minascent.com\/de\/wp-json\/wp\/v2\/pages\/13\/revisions"}],"predecessor-version":[{"id":2245,"href":"https:\/\/www.minascent.com\/de\/wp-json\/wp\/v2\/pages\/13\/revisions\/2245"}],"wp:featuredmedia":[{"embeddable":true,"href":"https:\/\/www.minascent.com\/de\/wp-json\/wp\/v2\/media\/873"}],"wp:attachment":[{"href":"https:\/\/www.minascent.com\/de\/wp-json\/wp\/v2\/media?parent=13"}],"curies":[{"name":"wp","href":"https:\/\/api.w.org\/{rel}","templated":true}]}}